{"id":6631,"date":"2024-06-04T15:32:07","date_gmt":"2024-06-04T18:32:07","guid":{"rendered":"https:\/\/quimica.ufvjm.edu.br\/?page_id=6631"},"modified":"2024-06-04T16:42:49","modified_gmt":"2024-06-04T19:42:49","slug":"enade","status":"publish","type":"page","link":"https:\/\/quimica.ufvjm.edu.br\/?page_id=6631","title":{"rendered":"Enade"},"content":{"rendered":"<div class=\"wp-block-image\">\n<figure class=\"aligncenter size-full\"><img fetchpriority=\"high\" decoding=\"async\" width=\"851\" height=\"315\" src=\"https:\/\/quimica.ufvjm.edu.br\/wp-content\/uploads\/2024\/06\/capas.png\" alt=\"\" class=\"wp-image-6640\" srcset=\"https:\/\/quimica.ufvjm.edu.br\/wp-content\/uploads\/2024\/06\/capas.png 851w, https:\/\/quimica.ufvjm.edu.br\/wp-content\/uploads\/2024\/06\/capas-300x111.png 300w, https:\/\/quimica.ufvjm.edu.br\/wp-content\/uploads\/2024\/06\/capas-768x284.png 768w\" sizes=\"(max-width: 851px) 100vw, 851px\" \/><\/figure><\/div>\n\n\n<p class=\"has-text-align-justify\">O Exame Nacional de Desempenho dos Estudantes (Enade) \u00e9 uma avalia\u00e7\u00e3o que tem como o principal objetivo medir a qualidade do ensino superior no Brasil.<\/p>\n\n\n\n<p class=\"has-text-align-justify\">Em 2021 o exame avaliar\u00e1 os graduandos de cursos de \u00e1reas vinculadas ao ano\u00a0II do CICLO AVALIATIVO, e o Curso de Qu\u00edmica est\u00e1 dentre os avaliados. Para se preparar para essa avalia\u00e7\u00e3o, separamos as informa\u00e7\u00f5es mais importantes a seguir:\u00a0<\/p>\n\n\n\n<br>\n<section id=\"idg_wp_widget_area_5\" class=\"services\">\n\t <div class=\"container\">\n\t      <div class=\"row\">\n                   <div class=\"overflow-wrapper\">\n\n\t\t\t<div id=\"feature_card-3\" class=\"widget_feature_card col-sm-12 col-md-6 col-lg-3 mb-4 widget_feature_card menu-col\">\n\t\t             <div class=\"text-center card-1\">\n                                  <a href=\"\" target=\"_self\" rel=\"noopener\">\n\t\t\t          <div class=\"align\">\n\t\t\t\t       <figure><img decoding=\"async\" width=\"200px\" src=\"https:\/\/quimica.ufvjm.edu.br\/wp-admin\/images\/icons\/enade1.png?_t=1717529565\"><figure>\t\t\t\t\t\t\t                        \n                                  <\/div>\n                                  <\/a>\n                             <\/div>\n\t\t       <\/div>\t\n\n                      <div id=\"feature_card-3\" class=\"widget_feature_card col-sm-12 col-md-6 col-lg-3 mb-4 widget_feature_card menu-col\">\n\t\t             <div class=\"text-center card-1\">\n                                  <a href=\"\" target=\"_target\" rel=\"noopener\">\n\t\t\t          <div class=\"align\">\n\t\t\t\t       <figure><img decoding=\"async\" width=\"200px\" src=\"https:\/\/quimica.ufvjm.edu.br\/wp-admin\/images\/icons\/enade2.png?_t=1717529565\"><figure>\t\t\t\t\t\t\t                        \n                                  <\/div>\n                                  <\/a>\n                             <\/div>\n\t\t       <\/div>\n\n                      <div id=\"feature_card-3\" class=\"widget_feature_card col-sm-12 col-md-6 col-lg-3 mb-4 widget_feature_card menu-col\">\n\t\t             <div class=\"text-center card-1\">\n                                  <a href=\"\" target=\"_target\" rel=\"noopener\">\n\t\t\t          <div class=\"align\">\n\t\t\t\t       <figure><img decoding=\"async\" width=\"195px\" src=\"https:\/\/quimica.ufvjm.edu.br\/wp-admin\/images\/icons\/enade3.png?_t=1717529565\"><figure>\t\t\t\t\t\t\t                        \n                                  <\/div>\n                                  <\/a>\n                             <\/div>\n\t\t       <\/div>\n\n                       <div id=\"feature_card-3\" class=\"widget_feature_card col-sm-12 col-md-6 col-lg-3 mb-4 widget_feature_card menu-col\">\n\t\t             <div class=\"text-center card-1\">\n                                  <a href=\"\" target=\"_target\" rel=\"noopener\">\n\t\t\t          <div class=\"align\">\n\t\t\t\t       <figure><img decoding=\"async\" width=\"200px\" src=\"https:\/\/quimica.ufvjm.edu.br\/wp-admin\/images\/icons\/enade4.png?_t=1717529565\"><figure>\t\t\t\t\t\t\t                        \n                                  <\/div>\n                                  <\/a>\n                             <\/div>\n\t\t       <\/div>\n                       \n\n                       <div id=\"feature_card-3\" class=\"widget_feature_card col-sm-12 col-md-6 col-lg-3 mb-4 widget_feature_card menu-col\">\n\t\t             <div class=\"text-center card-1\">\n                                  <a href=\"\" target=\"_target\" rel=\"noopener\">\n\t\t\t          <div class=\"align\">\n\t\t\t\t       <figure><img decoding=\"async\" width=\"200px\" src=\"https:\/\/quimica.ufvjm.edu.br\/wp-admin\/images\/icons\/enade5.png?_t=1717529565\"><figure>\t\t\t\t\t\t\t                        \n                                  <\/div>\n                                  <\/a>\n                             <\/div>\n\t\t       <\/div>\n\n\n                       <div id=\"feature_card-3\" class=\"widget_feature_card col-sm-12 col-md-6 col-lg-3 mb-4 widget_feature_card menu-col\">\n\t\t             <div class=\"text-center card-1\">\n                                  <a href=\"\" target=\"_target\" rel=\"noopener\">\n\t\t\t          <div class=\"align\">\n\t\t\t\t       <figure><img decoding=\"async\" width=\"200px\" src=\"https:\/\/quimica.ufvjm.edu.br\/wp-admin\/images\/icons\/enade6.png?_t=1717529565\"><figure>\t\t\t\t\t\t\t                        \n                                  <\/div>\n                                  <\/a>\n                             <\/div>\n\t\t       <\/div>\n\n\n\n                    <\/div>\n\t\t<\/div>\n\t<\/div>\n<\/section>\n","protected":false},"excerpt":{"rendered":"<p>O Exame Nacional de Desempenho dos Estudantes (Enade) \u00e9 uma avalia\u00e7\u00e3o que tem como o principal objetivo medir a qualidade do ensino superior no Brasil. Em 2021 o exame avaliar\u00e1 os graduandos de cursos de \u00e1reas vinculadas ao ano\u00a0II do CICLO AVALIATIVO, e o Curso de Qu\u00edmica est\u00e1 dentre os avaliados. Para se preparar para essa avalia\u00e7\u00e3o, separamos as informa\u00e7\u00f5es mais importantes a seguir:\u00a0<\/p>\n","protected":false},"author":1,"featured_media":0,"parent":0,"menu_order":0,"comment_status":"closed","ping_status":"closed","template":"","meta":{"_editorskit_title_hidden":false,"_editorskit_reading_time":0,"_editorskit_is_block_options_detached":false,"_editorskit_block_options_position":"{}","_exactmetrics_skip_tracking":false,"_exactmetrics_sitenote_active":false,"_exactmetrics_sitenote_note":"","_exactmetrics_sitenote_category":0,"footnotes":""},"_links":{"self":[{"href":"https:\/\/quimica.ufvjm.edu.br\/index.php?rest_route=\/wp\/v2\/pages\/6631"}],"collection":[{"href":"https:\/\/quimica.ufvjm.edu.br\/index.php?rest_route=\/wp\/v2\/pages"}],"about":[{"href":"https:\/\/quimica.ufvjm.edu.br\/index.php?rest_route=\/wp\/v2\/types\/page"}],"author":[{"embeddable":true,"href":"https:\/\/quimica.ufvjm.edu.br\/index.php?rest_route=\/wp\/v2\/users\/1"}],"replies":[{"embeddable":true,"href":"https:\/\/quimica.ufvjm.edu.br\/index.php?rest_route=%2Fwp%2Fv2%2Fcomments&post=6631"}],"version-history":[{"count":9,"href":"https:\/\/quimica.ufvjm.edu.br\/index.php?rest_route=\/wp\/v2\/pages\/6631\/revisions"}],"predecessor-version":[{"id":6651,"href":"https:\/\/quimica.ufvjm.edu.br\/index.php?rest_route=\/wp\/v2\/pages\/6631\/revisions\/6651"}],"wp:attachment":[{"href":"https:\/\/quimica.ufvjm.edu.br\/index.php?rest_route=%2Fwp%2Fv2%2Fmedia&parent=6631"}],"curies":[{"name":"wp","href":"https:\/\/api.w.org\/{rel}","templated":true}]}}