{"id":6559,"date":"2024-06-03T16:39:39","date_gmt":"2024-06-03T19:39:39","guid":{"rendered":"https:\/\/quimica.ufvjm.edu.br\/?page_id=6559"},"modified":"2024-06-03T16:39:40","modified_gmt":"2024-06-03T19:39:40","slug":"egressos","status":"publish","type":"page","link":"https:\/\/quimica.ufvjm.edu.br\/?page_id=6559","title":{"rendered":"Egressos"},"content":{"rendered":"<div class=\"wp-block-image\">\n<figure class=\"aligncenter size-large\"><img decoding=\"async\" src=\"https:\/\/quimica.ufvjm.edu.br\/wp-admin\/images\/icons\/egressosimg.jpg?_t=1717443332\" alt=\"\"\/><\/figure><\/div>\n\n\n<p class=\"has-text-align-justify\">Seja bem vindo profissional da \u00e1rea de Qu\u00edmica, graduado pelo Departamento de Qu\u00edmica da&nbsp;UFVJM.&nbsp;&nbsp;Queremos manter um v\u00ednculo com nossos ex-alunos, saber de seus sucessos e dificuldades, e acompanhar os profissionais que formamos em seu ingresso no mercado de trabalho. Assim, poderemos&nbsp;oportunizar aos egressos, sempre que poss\u00edvel, a sua participa\u00e7\u00e3o em eventos e cursos promovidos pelo curso, mapear os munic\u00edpios de inser\u00e7\u00e3o dos egressos, entre outros.<\/p>\n\n\n\n<p class=\"has-text-align-justify\">Se voc\u00ea \u00e9 nosso ex-aluno, preencha o\u00a0<strong>FORMUL\u00c1RIO DE ACOMPANHAMENTO DE EGRESSOS<\/strong>, clicando <a href=\"https:\/\/docs.google.com\/forms\/d\/e\/1FAIpQLSf9RaR7CjsNxwZ--QuL8w4d5YDjkTqvQ4hlSYW-zeUkzqcyrQ\/viewform\" target=\"_blank\" aria-label=\"aqui (opens in a new tab)\" rel=\"noreferrer noopener\" class=\"ek-link\">aqui<\/a>.<\/p>\n\n\n\n<p><\/p>\n","protected":false},"excerpt":{"rendered":"<p>Seja bem vindo profissional da \u00e1rea de Qu\u00edmica, graduado pelo Departamento de Qu\u00edmica da&nbsp;UFVJM.&nbsp;&nbsp;Queremos manter um v\u00ednculo com nossos ex-alunos, saber de seus sucessos e dificuldades, e acompanhar os profissionais que formamos em seu ingresso no mercado de trabalho. Assim, poderemos&nbsp;oportunizar aos egressos, sempre que poss\u00edvel, a sua participa\u00e7\u00e3o em eventos e cursos promovidos pelo curso, mapear os munic\u00edpios de inser\u00e7\u00e3o dos egressos, entre outros. Se voc\u00ea \u00e9 nosso ex-aluno, preencha o\u00a0FORMUL\u00c1RIO DE ACOMPANHAMENTO DE EGRESSOS, clicando aqui.<\/p>\n","protected":false},"author":1,"featured_media":0,"parent":0,"menu_order":0,"comment_status":"closed","ping_status":"closed","template":"","meta":{"_editorskit_title_hidden":false,"_editorskit_reading_time":0,"_editorskit_is_block_options_detached":false,"_editorskit_block_options_position":"{}","_exactmetrics_skip_tracking":false,"_exactmetrics_sitenote_active":false,"_exactmetrics_sitenote_note":"","_exactmetrics_sitenote_category":0,"footnotes":""},"_links":{"self":[{"href":"https:\/\/quimica.ufvjm.edu.br\/index.php?rest_route=\/wp\/v2\/pages\/6559"}],"collection":[{"href":"https:\/\/quimica.ufvjm.edu.br\/index.php?rest_route=\/wp\/v2\/pages"}],"about":[{"href":"https:\/\/quimica.ufvjm.edu.br\/index.php?rest_route=\/wp\/v2\/types\/page"}],"author":[{"embeddable":true,"href":"https:\/\/quimica.ufvjm.edu.br\/index.php?rest_route=\/wp\/v2\/users\/1"}],"replies":[{"embeddable":true,"href":"https:\/\/quimica.ufvjm.edu.br\/index.php?rest_route=%2Fwp%2Fv2%2Fcomments&post=6559"}],"version-history":[{"count":2,"href":"https:\/\/quimica.ufvjm.edu.br\/index.php?rest_route=\/wp\/v2\/pages\/6559\/revisions"}],"predecessor-version":[{"id":6564,"href":"https:\/\/quimica.ufvjm.edu.br\/index.php?rest_route=\/wp\/v2\/pages\/6559\/revisions\/6564"}],"wp:attachment":[{"href":"https:\/\/quimica.ufvjm.edu.br\/index.php?rest_route=%2Fwp%2Fv2%2Fmedia&parent=6559"}],"curies":[{"name":"wp","href":"https:\/\/api.w.org\/{rel}","templated":true}]}}