{"id":6450,"date":"2024-05-23T15:54:59","date_gmt":"2024-05-23T18:54:59","guid":{"rendered":"https:\/\/quimica.ufvjm.edu.br\/?page_id=6450"},"modified":"2024-05-23T16:47:23","modified_gmt":"2024-05-23T19:47:23","slug":"pibid-2","status":"publish","type":"page","link":"https:\/\/quimica.ufvjm.edu.br\/?page_id=6450","title":{"rendered":"PIBID"},"content":{"rendered":"\n<figure class=\"text-center\"><img decoding=\"async\" src=\"https:\/\/quimica.ufvjm.edu.br\/wp-admin\/images\/icons\/pibid%20quimica%20ufvjm.png?_t=1716490212\" width=\"300px\"><\/figure><br>\n\n\n\n<p class=\"has-text-align-justify\"><a href=\"https:\/\/www.gov.br\/capes\/pt-br\/acesso-a-informacao\/acoes-e-programas\/educacao-basica\/pibid\" target=\"_blank\" aria-label=\" (opens in a new tab)\" rel=\"noreferrer noopener\" class=\"ek-link\">O Programa Institucional de Bolsa de Inicia\u00e7\u00e3o \u00e0 Doc\u00eancia \u2013 PIBID<\/a>\u00a0\u00e9 um programa de incentivo e valoriza\u00e7\u00e3o do magist\u00e9rio e de aprimoramento do processo de forma\u00e7\u00e3o de docentes para a educa\u00e7\u00e3o b\u00e1sica, vinculado a\u00a0<a href=\"https:\/\/www.capes.gov.br\/\" target=\"_blank\" aria-label=\" (opens in a new tab)\" rel=\"noreferrer noopener\" class=\"ek-link\">Coordena\u00e7\u00e3o de Aperfei\u00e7oamento de Pessoal de N\u00edvel Superior (CAPES).\u00a0<\/a><\/p>\n\n\n\n<p class=\"has-text-align-justify\">O PIBID oferece&nbsp;<strong>bolsas<\/strong>&nbsp;para que alunos de licenciatura exer\u00e7am atividades pedag\u00f3gicas em escolas p\u00fablicas de educa\u00e7\u00e3o b\u00e1sica, contribuindo para a integra\u00e7\u00e3o entre teoria e pr\u00e1tica, para a aproxima\u00e7\u00e3o entre universidades e escolas. Para assegurar os resultados educacionais, os bolsistas s\u00e3o orientados por coordenadores de \u00e1rea \u2013 docentes das licenciaturas \u2013 e por supervisores \u2013 docentes das escolas p\u00fablicas onde exercem suas atividades.<\/p>\n\n\n\n<p class=\"has-text-align-justify\">O Pibid Qu\u00edmica -Licenciatura existe desde 2008, quando a UFVJM passou a participar dos editais, isto \u00e9, tem mais de uma d\u00e9cada de hist\u00f3rias e experi\u00eancias para compartilar.<\/p>\n\n\n\n<p>Quer saber mais? Navegue nas p\u00e1ginas abaixo e nos acompanhe pelo\u00a0<a aria-label=\" (opens in a new tab)\" href=\"https:\/\/www.facebook.com\/Pibid-Qu%C3%ADmica-UFVJM-1811593712446276\/\" target=\"_blank\" rel=\"noreferrer noopener\" class=\"ek-link\">Facebook\u00a0<\/a>!<\/p>\n\n\n\n<p><a href=\"https:\/\/quimica.ufvjm.edu.br\/?page_id=6457\" class=\"ek-link\">Escolas parceiras<\/a>     |     <a href=\"https:\/\/quimica.ufvjm.edu.br\/?page_id=6471\" class=\"ek-link\">Trabalhos apresentados<\/a>     |     <a href=\"https:\/\/quimica.ufvjm.edu.br\/?page_id=6476\" class=\"ek-link\">Depoimentos de ex-participantes<\/a><\/p>\n","protected":false},"excerpt":{"rendered":"<p>O Programa Institucional de Bolsa de Inicia\u00e7\u00e3o \u00e0 Doc\u00eancia \u2013 PIBID\u00a0\u00e9 um programa de incentivo e valoriza\u00e7\u00e3o do magist\u00e9rio e de aprimoramento do processo de forma\u00e7\u00e3o de docentes para a educa\u00e7\u00e3o b\u00e1sica, vinculado a\u00a0Coordena\u00e7\u00e3o de Aperfei\u00e7oamento de Pessoal de N\u00edvel Superior (CAPES).\u00a0 O PIBID oferece&nbsp;bolsas&nbsp;para que alunos de licenciatura exer\u00e7am atividades pedag\u00f3gicas em escolas p\u00fablicas de educa\u00e7\u00e3o b\u00e1sica, contribuindo para a integra\u00e7\u00e3o entre teoria e pr\u00e1tica, para a aproxima\u00e7\u00e3o entre universidades e escolas. Para assegurar os resultados educacionais, os bolsistas s\u00e3o orientados por coordenadores de \u00e1rea \u2013 docentes das licenciaturas \u2013 e por supervisores \u2013 docentes das escolas p\u00fablicas onde exercem suas atividades. O Pibid Qu\u00edmica -Licenciatura existe desde 2008, quando a UFVJM passou a participar dos editais, isto \u00e9, tem mais de uma d\u00e9cada de hist\u00f3rias e experi\u00eancias para compartilar. Quer saber mais? Navegue nas p\u00e1ginas abaixo e nos acompanhe pelo\u00a0Facebook\u00a0! Escolas parceiras | Trabalhos apresentados | Depoimentos de ex-participantes<\/p>\n","protected":false},"author":1,"featured_media":0,"parent":0,"menu_order":0,"comment_status":"closed","ping_status":"closed","template":"","meta":{"_editorskit_title_hidden":false,"_editorskit_reading_time":0,"_editorskit_is_block_options_detached":false,"_editorskit_block_options_position":"{}","_exactmetrics_skip_tracking":false,"_exactmetrics_sitenote_active":false,"_exactmetrics_sitenote_note":"","_exactmetrics_sitenote_category":0,"footnotes":""},"_links":{"self":[{"href":"https:\/\/quimica.ufvjm.edu.br\/index.php?rest_route=\/wp\/v2\/pages\/6450"}],"collection":[{"href":"https:\/\/quimica.ufvjm.edu.br\/index.php?rest_route=\/wp\/v2\/pages"}],"about":[{"href":"https:\/\/quimica.ufvjm.edu.br\/index.php?rest_route=\/wp\/v2\/types\/page"}],"author":[{"embeddable":true,"href":"https:\/\/quimica.ufvjm.edu.br\/index.php?rest_route=\/wp\/v2\/users\/1"}],"replies":[{"embeddable":true,"href":"https:\/\/quimica.ufvjm.edu.br\/index.php?rest_route=%2Fwp%2Fv2%2Fcomments&post=6450"}],"version-history":[{"count":9,"href":"https:\/\/quimica.ufvjm.edu.br\/index.php?rest_route=\/wp\/v2\/pages\/6450\/revisions"}],"predecessor-version":[{"id":6510,"href":"https:\/\/quimica.ufvjm.edu.br\/index.php?rest_route=\/wp\/v2\/pages\/6450\/revisions\/6510"}],"wp:attachment":[{"href":"https:\/\/quimica.ufvjm.edu.br\/index.php?rest_route=%2Fwp%2Fv2%2Fmedia&parent=6450"}],"curies":[{"name":"wp","href":"https:\/\/api.w.org\/{rel}","templated":true}]}}