{"id":6416,"date":"2024-05-22T15:55:40","date_gmt":"2024-05-22T18:55:40","guid":{"rendered":"https:\/\/quimica.ufvjm.edu.br\/?page_id=6416"},"modified":"2024-05-22T15:55:41","modified_gmt":"2024-05-22T18:55:41","slug":"pos-graduacao-em-quimica","status":"publish","type":"page","link":"https:\/\/quimica.ufvjm.edu.br\/?page_id=6416","title":{"rendered":"P\u00f3s-Gradua\u00e7\u00e3o em Qu\u00edmica"},"content":{"rendered":"\n<figure class=\"text-center\"><img decoding=\"async\" src=\"https:\/\/quimica.ufvjm.edu.br\/wp-admin\/images\/icons\/capa%20ppgq.png?_t=1716403759\" width=\"600px\"><\/figure>\n\n\n\n<p class=\"has-text-align-justify\">O\u00a0<strong>Programa de P\u00f3s-Gradua\u00e7\u00e3o em Qu\u00edmica\u00a0da UFVJM (PPGQ)<\/strong>\u00a0\u00e9 recomendado pela CAPES desde 2010. O PPGQ est\u00e1 lotado no Departamento de Qu\u00edmica e conta com cursos de\u00a0<strong>DOUTORADO e MESTRADO<\/strong>\u00a0Acad\u00eamicos destinados \u00e0 forma\u00e7\u00e3o de recursos humanos para o exerc\u00edcio de atividades de ensino e de pesquisa em Qu\u00edmica.<\/p>\n\n\n\n<p class=\"has-text-align-justify\">O PPGQ desenvolve projetos de pesquisa em todas as \u00e1reas da Qu\u00edmica, incluindo as seguintes linhas de pesquisa:<\/p>\n\n\n\n<p>\u2013 DESENVOLVIMENTO, CARACTERIZA\u00c7\u00c3O E APLICA\u00c7\u00c3O DE NOVOS MATERIAIS<br>\u2013 ELETROANAL\u00cdTICA E DESENVOLVIMENTO DE SENSORES<br>\u2013 ELETROQU\u00cdMICA<br>\u2013 QU\u00cdMICA AMBIENTAL<br>\u2013 QU\u00cdMICA DE BIOMOL\u00c9CULAS<br>\u2013 S\u00cdNTESE ORG\u00c2NICA<\/p>\n\n\n\n<p>Sobre processos seletivos, bolsas e maiores informa\u00e7\u00f5es visite a p\u00e1gina:<\/p>\n\n\n\n<p><a href=\"https:\/\/www.sgppg.com.br\/ppg\/ppgq-programa-de-pos-graduacao-em-quimica\/9\/\">https:\/\/www.sgppg.com.br\/ppg\/ppgq-programa-de-pos-graduacao-em-quimica\/9\/<\/a><\/p>\n","protected":false},"excerpt":{"rendered":"<p>O\u00a0Programa de P\u00f3s-Gradua\u00e7\u00e3o em Qu\u00edmica\u00a0da UFVJM (PPGQ)\u00a0\u00e9 recomendado pela CAPES desde 2010. O PPGQ est\u00e1 lotado no Departamento de Qu\u00edmica e conta com cursos de\u00a0DOUTORADO e MESTRADO\u00a0Acad\u00eamicos destinados \u00e0 forma\u00e7\u00e3o de recursos humanos para o exerc\u00edcio de atividades de ensino e de pesquisa em Qu\u00edmica. O PPGQ desenvolve projetos de pesquisa em todas as \u00e1reas da Qu\u00edmica, incluindo as seguintes linhas de pesquisa: \u2013 DESENVOLVIMENTO, CARACTERIZA\u00c7\u00c3O E APLICA\u00c7\u00c3O DE NOVOS MATERIAIS\u2013 ELETROANAL\u00cdTICA E DESENVOLVIMENTO DE SENSORES\u2013 ELETROQU\u00cdMICA\u2013 QU\u00cdMICA AMBIENTAL\u2013 QU\u00cdMICA DE BIOMOL\u00c9CULAS\u2013 S\u00cdNTESE ORG\u00c2NICA Sobre processos seletivos, bolsas e maiores informa\u00e7\u00f5es visite a p\u00e1gina: https:\/\/www.sgppg.com.br\/ppg\/ppgq-programa-de-pos-graduacao-em-quimica\/9\/<\/p>\n","protected":false},"author":1,"featured_media":0,"parent":0,"menu_order":0,"comment_status":"closed","ping_status":"closed","template":"","meta":{"_editorskit_title_hidden":false,"_editorskit_reading_time":0,"_editorskit_is_block_options_detached":false,"_editorskit_block_options_position":"{}","_exactmetrics_skip_tracking":false,"_exactmetrics_sitenote_active":false,"_exactmetrics_sitenote_note":"","_exactmetrics_sitenote_category":0,"footnotes":""},"_links":{"self":[{"href":"https:\/\/quimica.ufvjm.edu.br\/index.php?rest_route=\/wp\/v2\/pages\/6416"}],"collection":[{"href":"https:\/\/quimica.ufvjm.edu.br\/index.php?rest_route=\/wp\/v2\/pages"}],"about":[{"href":"https:\/\/quimica.ufvjm.edu.br\/index.php?rest_route=\/wp\/v2\/types\/page"}],"author":[{"embeddable":true,"href":"https:\/\/quimica.ufvjm.edu.br\/index.php?rest_route=\/wp\/v2\/users\/1"}],"replies":[{"embeddable":true,"href":"https:\/\/quimica.ufvjm.edu.br\/index.php?rest_route=%2Fwp%2Fv2%2Fcomments&post=6416"}],"version-history":[{"count":6,"href":"https:\/\/quimica.ufvjm.edu.br\/index.php?rest_route=\/wp\/v2\/pages\/6416\/revisions"}],"predecessor-version":[{"id":6423,"href":"https:\/\/quimica.ufvjm.edu.br\/index.php?rest_route=\/wp\/v2\/pages\/6416\/revisions\/6423"}],"wp:attachment":[{"href":"https:\/\/quimica.ufvjm.edu.br\/index.php?rest_route=%2Fwp%2Fv2%2Fmedia&parent=6416"}],"curies":[{"name":"wp","href":"https:\/\/api.w.org\/{rel}","templated":true}]}}