{"id":6361,"date":"2024-05-16T16:09:44","date_gmt":"2024-05-16T19:09:44","guid":{"rendered":"https:\/\/quimica.ufvjm.edu.br\/?page_id=6361"},"modified":"2024-05-16T16:12:29","modified_gmt":"2024-05-16T19:12:29","slug":"infraestrutura-2","status":"publish","type":"page","link":"https:\/\/quimica.ufvjm.edu.br\/?page_id=6361","title":{"rendered":"Infraestrutura"},"content":{"rendered":"\n<p class=\"has-text-align-justify\">As aulas dos Cursos vinculados ao DEQUI s\u00e3o ministradas utilizando-se da infraestrutura de salas dos pavilh\u00f5es de aulas e de audit\u00f3rios.<\/p>\n\n\n\n<p class=\"has-text-align-justify\">Os quatro laborat\u00f3rios de ensino do departamento, ocupam uma \u00e1rea de 290 m2, localizados no bloco VI do Campus JK, compreendendo as seguintes \u00e1reas:<\/p>\n\n\n\n<p>1. Laborat\u00f3rio de Qu\u00edmica Anal\u00edtica Instrumental<br>2. Laborat\u00f3rio de Qu\u00edmica Geral e Qu\u00edmica Anal\u00edtica<br>3. Laborat\u00f3rio de F\u00edsico-Qu\u00edmica e Qu\u00edmica Inorg\u00e2nica<br>4. Laborat\u00f3rio de Qu\u00edmica Org\u00e2nica e Bioqu\u00edmica<\/p>\n\n\n\n<p class=\"has-text-align-justify\">Para o desenvolvimento de atividades de pesquisa, ensino e extens\u00e3o o DEQUI disp\u00f5e ainda de laborat\u00f3rios especializados em:<\/p>\n\n\n\n<p>1.\u00a0<a href=\"http:\/\/site.ufvjm.edu.br\/dequi\/files\/2017\/08\/LMM.jpg\" target=\"_blank\" aria-label=\" (opens in a new tab)\" rel=\"noreferrer noopener\" class=\"ek-link\">Laborat\u00f3rio de Difra\u00e7\u00e3o de Raios X, AFM e MEV<\/a><br>2.\u00a0<a href=\"http:\/\/site.ufvjm.edu.br\/dequi\/files\/2017\/08\/absror%C3%A7%C3%A3o.png\" target=\"_blank\" aria-label=\" (opens in a new tab)\" rel=\"noreferrer noopener\" class=\"ek-link\">Laborat\u00f3rio de Espectroscopia de Absor\u00e7\u00e3o at\u00f4mica e Carbono Org\u00e2nico Total<\/a><br>3. Laborat\u00f3rio de Qu\u00edmica Te\u00f3rica<br>4.\u00a0<a href=\"http:\/\/site.ufvjm.edu.br\/dequi\/files\/2017\/08\/CG.jpg\" target=\"_blank\" aria-label=\" (opens in a new tab)\" rel=\"noreferrer noopener\" class=\"ek-link\">Laborat\u00f3rio de Cromatografia Gasosa e FTIR<\/a><br>5.\u00a0\u00a0<a href=\"http:\/\/site.ufvjm.edu.br\/dequi\/files\/2017\/08\/HPLC.jpg\" target=\"_blank\" aria-label=\" (opens in a new tab)\" rel=\"noreferrer noopener\" class=\"ek-link\">Laborat\u00f3rio de Cromatografia L\u00edquida de Alta Efici\u00eancia<\/a><br>6.\u00a0\u00a0<a href=\"http:\/\/site.ufvjm.edu.br\/dequi\/files\/2017\/08\/RMN1.jpg\" class=\"ek-link\">Laborat\u00f3rio de Resson\u00e2ncia Magn\u00e9tica Nuclear<br><\/a>7. Laborat\u00f3rio de Ensino\/Sala PIBID<\/p>\n\n\n\n<p class=\"has-text-align-justify\">Al\u00e9m desses espa\u00e7os, o departamento conta com laborat\u00f3rios localizados nos blocos de pesquisas do Campus JK,&nbsp;dotados de toda a estrutura necess\u00e1ria para o desenvolvimento de trabalhos nas diferentes linhas de pesquisas.<\/p>\n\n\n\n<p class=\"has-text-align-justify\">Os docentes do DEQUI contam tamb\u00e9m,&nbsp;com v\u00e1rios &nbsp;outros equipamentos multiusu\u00e1rios dispon\u00edveis em diferentes departamentos da Institui\u00e7\u00e3o, tais como Fluor\u00edmetro (Molecular Device, modelo SpectraMax Paradigm Multi-Mode)&nbsp;Analisador elementar (Leco@ TRuspecMicro), Fluorescencia de Raios-X, entre outros.<\/p>\n","protected":false},"excerpt":{"rendered":"<p>As aulas dos Cursos vinculados ao DEQUI s\u00e3o ministradas utilizando-se da infraestrutura de salas dos pavilh\u00f5es de aulas e de audit\u00f3rios. Os quatro laborat\u00f3rios de ensino do departamento, ocupam uma \u00e1rea de 290 m2, localizados no bloco VI do Campus JK, compreendendo as seguintes \u00e1reas: 1. Laborat\u00f3rio de Qu\u00edmica Anal\u00edtica Instrumental2. Laborat\u00f3rio de Qu\u00edmica Geral e Qu\u00edmica Anal\u00edtica3. Laborat\u00f3rio de F\u00edsico-Qu\u00edmica e Qu\u00edmica Inorg\u00e2nica4. Laborat\u00f3rio de Qu\u00edmica Org\u00e2nica e Bioqu\u00edmica Para o desenvolvimento de atividades de pesquisa, ensino e extens\u00e3o o DEQUI disp\u00f5e ainda de laborat\u00f3rios especializados em: 1.\u00a0Laborat\u00f3rio de Difra\u00e7\u00e3o de Raios X, AFM e MEV2.\u00a0Laborat\u00f3rio de Espectroscopia de Absor\u00e7\u00e3o at\u00f4mica e Carbono Org\u00e2nico Total3. Laborat\u00f3rio de Qu\u00edmica Te\u00f3rica4.\u00a0Laborat\u00f3rio de Cromatografia Gasosa e FTIR5.\u00a0\u00a0Laborat\u00f3rio de Cromatografia L\u00edquida de Alta Efici\u00eancia6.\u00a0\u00a0Laborat\u00f3rio de Resson\u00e2ncia Magn\u00e9tica Nuclear7. Laborat\u00f3rio de Ensino\/Sala PIBID Al\u00e9m desses espa\u00e7os, o departamento conta com laborat\u00f3rios localizados nos blocos de pesquisas do Campus JK,&nbsp;dotados de toda a estrutura necess\u00e1ria para o desenvolvimento de trabalhos nas diferentes linhas de pesquisas. Os docentes do DEQUI contam tamb\u00e9m,&nbsp;com v\u00e1rios &nbsp;outros equipamentos multiusu\u00e1rios dispon\u00edveis em diferentes departamentos da Institui\u00e7\u00e3o, tais como Fluor\u00edmetro (Molecular Device, modelo SpectraMax Paradigm Multi-Mode)&nbsp;Analisador elementar (Leco@ TRuspecMicro), Fluorescencia de Raios-X, entre outros.<\/p>\n","protected":false},"author":1,"featured_media":0,"parent":0,"menu_order":0,"comment_status":"closed","ping_status":"closed","template":"","meta":{"_editorskit_title_hidden":false,"_editorskit_reading_time":0,"_editorskit_is_block_options_detached":false,"_editorskit_block_options_position":"{}","_exactmetrics_skip_tracking":false,"_exactmetrics_sitenote_active":false,"_exactmetrics_sitenote_note":"","_exactmetrics_sitenote_category":0,"footnotes":""},"_links":{"self":[{"href":"https:\/\/quimica.ufvjm.edu.br\/index.php?rest_route=\/wp\/v2\/pages\/6361"}],"collection":[{"href":"https:\/\/quimica.ufvjm.edu.br\/index.php?rest_route=\/wp\/v2\/pages"}],"about":[{"href":"https:\/\/quimica.ufvjm.edu.br\/index.php?rest_route=\/wp\/v2\/types\/page"}],"author":[{"embeddable":true,"href":"https:\/\/quimica.ufvjm.edu.br\/index.php?rest_route=\/wp\/v2\/users\/1"}],"replies":[{"embeddable":true,"href":"https:\/\/quimica.ufvjm.edu.br\/index.php?rest_route=%2Fwp%2Fv2%2Fcomments&post=6361"}],"version-history":[{"count":5,"href":"https:\/\/quimica.ufvjm.edu.br\/index.php?rest_route=\/wp\/v2\/pages\/6361\/revisions"}],"predecessor-version":[{"id":6370,"href":"https:\/\/quimica.ufvjm.edu.br\/index.php?rest_route=\/wp\/v2\/pages\/6361\/revisions\/6370"}],"wp:attachment":[{"href":"https:\/\/quimica.ufvjm.edu.br\/index.php?rest_route=%2Fwp%2Fv2%2Fmedia&parent=6361"}],"curies":[{"name":"wp","href":"https:\/\/api.w.org\/{rel}","templated":true}]}}