{"id":6350,"date":"2024-05-16T16:00:24","date_gmt":"2024-05-16T19:00:24","guid":{"rendered":"https:\/\/quimica.ufvjm.edu.br\/?page_id=6350"},"modified":"2024-05-16T16:03:47","modified_gmt":"2024-05-16T19:03:47","slug":"normas-e-resolucoes-2","status":"publish","type":"page","link":"https:\/\/quimica.ufvjm.edu.br\/?page_id=6350","title":{"rendered":"Normas e Resolu\u00e7\u00f5es"},"content":{"rendered":"\n<h4 class=\"wp-block-heading\">Regimento interno<\/h4>\n\n\n\n<p><a href=\"http:\/\/site.ufvjm.edu.br\/dequi\/files\/2017\/08\/Regimento-do-DEQUI_ATUAL.pdf\" target=\"_blank\" aria-label=\" (opens in a new tab)\" rel=\"noreferrer noopener\" class=\"ek-link\"><span style=\"text-decoration: underline;\" class=\"ek-underline\">REGIMENTO INTERNO DO DEPARTAMENTO DE QU\u00cdMICA DA FACULDADE DE CI\u00caNCIAS EXATAS \u2013 FACET<\/span><\/a><\/p>\n\n\n\n<hr class=\"wp-block-separator has-alpha-channel-opacity\"\/>\n\n\n\n<h4 class=\"wp-block-heading\">Est\u00e1gio Supervisionado<\/h4>\n\n\n\n<p><a aria-label=\" (opens in a new tab)\" href=\"http:\/\/site.ufvjm.edu.br\/dequi\/files\/2017\/08\/RESOLU%C3%87%C3%83O-N%C2%BA-21-CONSEPE-DE-25-DE-JULHO-DE-2014-2.pdf\" target=\"_blank\" rel=\"noreferrer noopener\" class=\"ek-link\"><span style=\"text-decoration: underline;\" class=\"ek-underline\">RESOLU\u00c7\u00c3O\u00a0 N\u00ba. \u00a021 \u2013 CONSEPE de\u00a02014: Estabelece as normas de Est\u00e1gio<\/span><\/a><\/p>\n\n\n\n<p><a href=\"http:\/\/site.ufvjm.edu.br\/dequi\/files\/2017\/08\/RESOL17CONVESTAGIO00-1.pdf\" target=\"_blank\" aria-label=\" (opens in a new tab)\" rel=\"noreferrer noopener\" class=\"ek-link\"><span style=\"text-decoration: underline;\" class=\"ek-underline\">RESOLU\u00c7\u00c3O N\u00ba. 17 \u2013 CONSEPE, de 2016: \u00a0Revoga art 5o e par\u00e1grafos da RESOLU\u00c7\u00c3O 21 de 2014<\/span><\/a><\/p>\n\n\n\n<hr class=\"wp-block-separator has-alpha-channel-opacity\"\/>\n\n\n\n<h4 class=\"wp-block-heading\">Atividades Complementares e Atividades Acad\u00eamico-Cient\u00edfico-Culturais<\/h4>\n\n\n\n<p><a href=\"http:\/\/site.ufvjm.edu.br\/dequi\/files\/2017\/08\/Resolucao-05-Atividades-Complementares-UFVJM.pdf\" target=\"_blank\" aria-label=\" (opens in a new tab)\" rel=\"noreferrer noopener\" class=\"ek-link\"><span style=\"text-decoration: underline;\" class=\"ek-underline\">RESOLU\u00c7\u00c3O N\u00ba. 05 \u2013 CONSEPE, de 2010:\u00a0Estabelece a equival\u00eancia em horas das\u00a0Atividades Complementares-AC e das\u00a0Atividades Acad\u00eamico-Cient\u00edfico-<\/span><\/a><a href=\"http:\/\/site.ufvjm.edu.br\/dequi\/files\/2017\/08\/Resolucao-05-Atividades-Complementares-UFVJM.pdf\"><span style=\"text-decoration: underline;\" class=\"ek-underline\">Culturais-AACC<\/span><\/a><\/p>\n\n\n\n<hr class=\"wp-block-separator has-alpha-channel-opacity\"\/>\n\n\n\n<h4 class=\"wp-block-heading\">Trabalho de Conclus\u00e3o de Curso<\/h4>\n\n\n\n<p><span style=\"text-decoration: underline;\" class=\"ek-underline\"><a href=\"http:\/\/site.ufvjm.edu.br\/dequi\/files\/2017\/08\/Resolu%C3%A7%C3%A3o-22-CONSEPE-2017-Estabelece-normas-para-TCC.pdf\" target=\"_blank\" aria-label=\" (opens in a new tab)\" rel=\"noreferrer noopener\" class=\"ek-link\">RESOLU\u00c7\u00c3O N\u00ba. 22 \u2013 CONSEPE, de\u00a02017:\u00a0Estabelece as normas para o Trabalho de<\/a> <a href=\"http:\/\/site.ufvjm.edu.br\/dequi\/files\/2017\/08\/Resolu%C3%A7%C3%A3o-22-CONSEPE-2017-Estabelece-normas-para-TCC.pdf\">Conclus\u00e3o de Curso<\/a><\/span><\/p>\n","protected":false},"excerpt":{"rendered":"<p>Regimento interno REGIMENTO INTERNO DO DEPARTAMENTO DE QU\u00cdMICA DA FACULDADE DE CI\u00caNCIAS EXATAS \u2013 FACET Est\u00e1gio Supervisionado RESOLU\u00c7\u00c3O\u00a0 N\u00ba. \u00a021 \u2013 CONSEPE de\u00a02014: Estabelece as normas de Est\u00e1gio RESOLU\u00c7\u00c3O N\u00ba. 17 \u2013 CONSEPE, de 2016: \u00a0Revoga art 5o e par\u00e1grafos da RESOLU\u00c7\u00c3O 21 de 2014 Atividades Complementares e Atividades Acad\u00eamico-Cient\u00edfico-Culturais RESOLU\u00c7\u00c3O N\u00ba. 05 \u2013 CONSEPE, de 2010:\u00a0Estabelece a equival\u00eancia em horas das\u00a0Atividades Complementares-AC e das\u00a0Atividades Acad\u00eamico-Cient\u00edfico-Culturais-AACC Trabalho de Conclus\u00e3o de Curso RESOLU\u00c7\u00c3O N\u00ba. 22 \u2013 CONSEPE, de\u00a02017:\u00a0Estabelece as normas para o Trabalho de Conclus\u00e3o de Curso<\/p>\n","protected":false},"author":1,"featured_media":0,"parent":0,"menu_order":0,"comment_status":"closed","ping_status":"closed","template":"","meta":{"_editorskit_title_hidden":false,"_editorskit_reading_time":0,"_editorskit_is_block_options_detached":false,"_editorskit_block_options_position":"{}","_exactmetrics_skip_tracking":false,"_exactmetrics_sitenote_active":false,"_exactmetrics_sitenote_note":"","_exactmetrics_sitenote_category":0,"footnotes":""},"_links":{"self":[{"href":"https:\/\/quimica.ufvjm.edu.br\/index.php?rest_route=\/wp\/v2\/pages\/6350"}],"collection":[{"href":"https:\/\/quimica.ufvjm.edu.br\/index.php?rest_route=\/wp\/v2\/pages"}],"about":[{"href":"https:\/\/quimica.ufvjm.edu.br\/index.php?rest_route=\/wp\/v2\/types\/page"}],"author":[{"embeddable":true,"href":"https:\/\/quimica.ufvjm.edu.br\/index.php?rest_route=\/wp\/v2\/users\/1"}],"replies":[{"embeddable":true,"href":"https:\/\/quimica.ufvjm.edu.br\/index.php?rest_route=%2Fwp%2Fv2%2Fcomments&post=6350"}],"version-history":[{"count":6,"href":"https:\/\/quimica.ufvjm.edu.br\/index.php?rest_route=\/wp\/v2\/pages\/6350\/revisions"}],"predecessor-version":[{"id":6722,"href":"https:\/\/quimica.ufvjm.edu.br\/index.php?rest_route=\/wp\/v2\/pages\/6350\/revisions\/6722"}],"wp:attachment":[{"href":"https:\/\/quimica.ufvjm.edu.br\/index.php?rest_route=%2Fwp%2Fv2%2Fmedia&parent=6350"}],"curies":[{"name":"wp","href":"https:\/\/api.w.org\/{rel}","templated":true}]}}