{"id":6330,"date":"2024-05-15T18:53:49","date_gmt":"2024-05-15T21:53:49","guid":{"rendered":"https:\/\/quimica.ufvjm.edu.br\/?page_id=6330"},"modified":"2024-05-15T18:55:26","modified_gmt":"2024-05-15T21:55:26","slug":"nde","status":"publish","type":"page","link":"https:\/\/quimica.ufvjm.edu.br\/?page_id=6330","title":{"rendered":"NDE"},"content":{"rendered":"<div class=\"wp-block-image\">\n<figure class=\"alignleft size-large is-resized\"><img fetchpriority=\"high\" decoding=\"async\" width=\"300\" height=\"206\" src=\"https:\/\/quimica.ufvjm.edu.br\/wp-content\/uploads\/2024\/05\/image.jpeg\" alt=\"\" class=\"wp-image-6331\" style=\"width:172px;height:auto\"\/><\/figure><\/div>\n\n\n<p>Tem fun\u00e7\u00e3o consultiva, propositiva e de assessoramento sobre mat\u00e9ria de natureza acad\u00eamica. O NDE integra a estrutura de gest\u00e3o acad\u00eamica do Curso de Licenciatura em Qu\u00edmica, sendo co-respons\u00e1vel pela elabora\u00e7\u00e3o, implementa\u00e7\u00e3o, atualiza\u00e7\u00e3o e consolida\u00e7\u00e3o do Projeto Pedag\u00f3gico.<\/p>\n\n\n\n<div style=\"height:75px\" aria-hidden=\"true\" class=\"wp-block-spacer\"><\/div>\n\n\n\n<h4 class=\"wp-block-heading\">\u00a0<strong>Representantes<\/strong><\/h4>\n\n\n\n<ol>\n<li>Patr\u00edcia Machado &nbsp;de Oliveira \u2013 presidente<\/li>\n\n\n\n<li>Aline Janerine de Souza<\/li>\n\n\n\n<li>Ang\u00e9lica Oliveira Ara\u00fajo<\/li>\n\n\n\n<li>H\u00e9len Rose de Castro Silva Andrade<\/li>\n\n\n\n<li>Lara Carlette Thiengo<\/li>\n<\/ol>\n","protected":false},"excerpt":{"rendered":"<p>Tem fun\u00e7\u00e3o consultiva, propositiva e de assessoramento sobre mat\u00e9ria de natureza acad\u00eamica. O NDE integra a estrutura de gest\u00e3o acad\u00eamica do Curso de Licenciatura em Qu\u00edmica, sendo co-respons\u00e1vel pela elabora\u00e7\u00e3o, implementa\u00e7\u00e3o, atualiza\u00e7\u00e3o e consolida\u00e7\u00e3o do Projeto Pedag\u00f3gico. \u00a0Representantes<\/p>\n","protected":false},"author":1,"featured_media":0,"parent":0,"menu_order":0,"comment_status":"closed","ping_status":"closed","template":"","meta":{"_editorskit_title_hidden":false,"_editorskit_reading_time":0,"_editorskit_is_block_options_detached":false,"_editorskit_block_options_position":"{}","_exactmetrics_skip_tracking":false,"_exactmetrics_sitenote_active":false,"_exactmetrics_sitenote_note":"","_exactmetrics_sitenote_category":0,"footnotes":""},"_links":{"self":[{"href":"https:\/\/quimica.ufvjm.edu.br\/index.php?rest_route=\/wp\/v2\/pages\/6330"}],"collection":[{"href":"https:\/\/quimica.ufvjm.edu.br\/index.php?rest_route=\/wp\/v2\/pages"}],"about":[{"href":"https:\/\/quimica.ufvjm.edu.br\/index.php?rest_route=\/wp\/v2\/types\/page"}],"author":[{"embeddable":true,"href":"https:\/\/quimica.ufvjm.edu.br\/index.php?rest_route=\/wp\/v2\/users\/1"}],"replies":[{"embeddable":true,"href":"https:\/\/quimica.ufvjm.edu.br\/index.php?rest_route=%2Fwp%2Fv2%2Fcomments&post=6330"}],"version-history":[{"count":4,"href":"https:\/\/quimica.ufvjm.edu.br\/index.php?rest_route=\/wp\/v2\/pages\/6330\/revisions"}],"predecessor-version":[{"id":6337,"href":"https:\/\/quimica.ufvjm.edu.br\/index.php?rest_route=\/wp\/v2\/pages\/6330\/revisions\/6337"}],"wp:attachment":[{"href":"https:\/\/quimica.ufvjm.edu.br\/index.php?rest_route=%2Fwp%2Fv2%2Fmedia&parent=6330"}],"curies":[{"name":"wp","href":"https:\/\/api.w.org\/{rel}","templated":true}]}}