{"id":6308,"date":"2024-05-15T17:59:34","date_gmt":"2024-05-15T20:59:34","guid":{"rendered":"https:\/\/quimica.ufvjm.edu.br\/?page_id=6308"},"modified":"2024-05-23T15:43:18","modified_gmt":"2024-05-23T18:43:18","slug":"atividades-academico-cientifico-culturais-aacc-2","status":"publish","type":"page","link":"https:\/\/quimica.ufvjm.edu.br\/?page_id=6308","title":{"rendered":"Atividades Acad\u00eamico-Cient\u00edfico-Culturais (AACC)"},"content":{"rendered":"\n<p class=\"has-text-align-justify\">Compreendem&nbsp;o cumprimento&nbsp;de&nbsp;atividades te\u00f3rico-pr\u00e1ticas de aprofundamento em \u00e1reas espec\u00edficas de interesse dos estudantes. A natureza do componente curricular obrigat\u00f3rio \u00e9 descrita no&nbsp;REGULAMENTO DAS ATIVIDADES COMPLEMENTARES.&nbsp;Na&nbsp;TABELA DE EQUIVAL\u00caNCIA&nbsp;est\u00e1 dispon\u00edvel&nbsp;a rela\u00e7\u00e3o de equival\u00eancia entre as horas desenvolvidas na atividade e as carga hor\u00e1ria a ser computada para fins de integraliza\u00e7\u00e3o das AACC.<\/p>\n\n\n\n<p class=\"has-text-align-justify\">Para que as atividades realizadas, sejam contabilizadas para fins de integraliza\u00e7\u00e3o da carga hor\u00e1ria das AACC, dentro do prazo previsto no Regulamento, o discente deve solicitar o aproveitamento por meio do preenchimento do&nbsp;FORMUL\u00c1RIO DE SOLICITA\u00c7\u00c3O&nbsp;e envio de comprovantes&nbsp;ao Coordenador das atividades complementares.<\/p>\n\n\n\n<br>\n<section id=\"idg_wp_widget_area_5\" class=\"services\">\n\t <div class=\"container\">\n\t      <div class=\"row\">\n                   <div class=\"overflow-wrapper\">\n\n\t\t\t<div id=\"feature_card-3\" class=\"widget_feature_card col-sm-12 col-md-6 col-lg-3 mb-4 widget_feature_card menu-col\">\n\t\t             <div class=\"text-center card-1\">\n                                  <a href=\"https:\/\/drive.google.com\/file\/d\/1Dav4gdyUZZ4qzcqCVzOTBoquAxcb4XsW\/view\" target=\"_target\" rel=\"noopener\">\n\t\t\t          <div class=\"align\">\n\t\t\t\t       <figure><img decoding=\"async\" width=\"200px\" src=\"https:\/\/quimica.ufvjm.edu.br\/wp-admin\/images\/icons\/regulamento.png?_t=1715714777\"><figure>\t\t\t\t\t\t\t                        \n                                  <\/div>\n                                  <\/a>\n                             <\/div>\n\t\t       <\/div>\t\n\n                      <div id=\"feature_card-3\" class=\"widget_feature_card col-sm-12 col-md-6 col-lg-3 mb-4 widget_feature_card menu-col\">\n\t\t             <div class=\"text-center card-1\">\n                                  <a href=\"https:\/\/drive.google.com\/file\/d\/1HKGIwV1Kmso22Tn5pBrLJyah8bUk1u5T\/view\" target=\"_target\" rel=\"noopener\">\n\t\t\t          <div class=\"align\">\n\t\t\t\t       <figure><img decoding=\"async\" width=\"200px\" src=\"https:\/\/quimica.ufvjm.edu.br\/wp-admin\/images\/icons\/tabelaequivalenciadeatividades.png?_t=1715807936\"><figure>\t\t\t\t\t\t\t                        \n                                  <\/div>\n                                  <\/a>\n                             <\/div>\n\t\t       <\/div>\n\n                      <div id=\"feature_card-3\" class=\"widget_feature_card col-sm-12 col-md-6 col-lg-3 mb-4 widget_feature_card menu-col\">\n\t\t             <div class=\"text-center card-1\">\n                                  <a href=\"https:\/\/docs.google.com\/forms\/d\/e\/1FAIpQLSdr6Bk_10o9mDQKO52fAfUvhxCECVGCsOURoJb5qGKPiYeLyQ\/viewform\" target=\"_target\" rel=\"noopener\">\n\t\t\t          <div class=\"align\">\n\t\t\t\t       <figure><img decoding=\"async\" width=\"200px\" src=\"https:\/\/quimica.ufvjm.edu.br\/wp-admin\/images\/icons\/formulariodesolicitacaoderesgistrodeatvds.png?_t=1715807936\"><figure>\t\t\t\t\t\t\t                        \n                                  <\/div>\n                                  <\/a>\n                             <\/div>\n\t\t       <\/div>\n\n\n\n                    <\/div>\n\t\t<\/div>\n\t<\/div>\n<\/section>\n","protected":false},"excerpt":{"rendered":"<p>Compreendem&nbsp;o cumprimento&nbsp;de&nbsp;atividades te\u00f3rico-pr\u00e1ticas de aprofundamento em \u00e1reas espec\u00edficas de interesse dos estudantes. A natureza do componente curricular obrigat\u00f3rio \u00e9 descrita no&nbsp;REGULAMENTO DAS ATIVIDADES COMPLEMENTARES.&nbsp;Na&nbsp;TABELA DE EQUIVAL\u00caNCIA&nbsp;est\u00e1 dispon\u00edvel&nbsp;a rela\u00e7\u00e3o de equival\u00eancia entre as horas desenvolvidas na atividade e as carga hor\u00e1ria a ser computada para fins de integraliza\u00e7\u00e3o das AACC. Para que as atividades realizadas, sejam contabilizadas para fins de integraliza\u00e7\u00e3o da carga hor\u00e1ria das AACC, dentro do prazo previsto no Regulamento, o discente deve solicitar o aproveitamento por meio do preenchimento do&nbsp;FORMUL\u00c1RIO DE SOLICITA\u00c7\u00c3O&nbsp;e envio de comprovantes&nbsp;ao Coordenador das atividades complementares.<\/p>\n","protected":false},"author":1,"featured_media":0,"parent":0,"menu_order":0,"comment_status":"closed","ping_status":"closed","template":"","meta":{"_editorskit_title_hidden":false,"_editorskit_reading_time":0,"_editorskit_is_block_options_detached":false,"_editorskit_block_options_position":"{}","_exactmetrics_skip_tracking":false,"_exactmetrics_sitenote_active":false,"_exactmetrics_sitenote_note":"","_exactmetrics_sitenote_category":0,"footnotes":""},"_links":{"self":[{"href":"https:\/\/quimica.ufvjm.edu.br\/index.php?rest_route=\/wp\/v2\/pages\/6308"}],"collection":[{"href":"https:\/\/quimica.ufvjm.edu.br\/index.php?rest_route=\/wp\/v2\/pages"}],"about":[{"href":"https:\/\/quimica.ufvjm.edu.br\/index.php?rest_route=\/wp\/v2\/types\/page"}],"author":[{"embeddable":true,"href":"https:\/\/quimica.ufvjm.edu.br\/index.php?rest_route=\/wp\/v2\/users\/1"}],"replies":[{"embeddable":true,"href":"https:\/\/quimica.ufvjm.edu.br\/index.php?rest_route=%2Fwp%2Fv2%2Fcomments&post=6308"}],"version-history":[{"count":7,"href":"https:\/\/quimica.ufvjm.edu.br\/index.php?rest_route=\/wp\/v2\/pages\/6308\/revisions"}],"predecessor-version":[{"id":7494,"href":"https:\/\/quimica.ufvjm.edu.br\/index.php?rest_route=\/wp\/v2\/pages\/6308\/revisions\/7494"}],"wp:attachment":[{"href":"https:\/\/quimica.ufvjm.edu.br\/index.php?rest_route=%2Fwp%2Fv2%2Fmedia&parent=6308"}],"curies":[{"name":"wp","href":"https:\/\/api.w.org\/{rel}","templated":true}]}}