{"id":6140,"date":"2024-05-14T17:11:00","date_gmt":"2024-05-14T20:11:00","guid":{"rendered":"https:\/\/quimica.ufvjm.edu.br\/?page_id=6140"},"modified":"2024-05-15T14:20:20","modified_gmt":"2024-05-15T17:20:20","slug":"templates-para-a-confeccao-do-trabalho-de-conclusao-monografia","status":"publish","type":"page","link":"https:\/\/quimica.ufvjm.edu.br\/?page_id=6140","title":{"rendered":"Templates para a confec\u00e7\u00e3o do Trabalho de Conclus\u00e3o \u2013 Monografia"},"content":{"rendered":"\n<p>Templates&nbsp;para a elabora\u00e7\u00e3o do&nbsp;Trabalho de Conclus\u00e3o de Curso&nbsp;e folder de divulga\u00e7\u00e3o da defesa.<\/p>\n\n\n\n<br>\n<section id=\"idg_wp_widget_area_5\" class=\"services\">\n\t <div class=\"container\">\n\t      <div class=\"row\">\n                   <div class=\"overflow-wrapper\">\n\n\t\t\t<div id=\"feature_card-3\" class=\"widget_feature_card col-sm-12 col-md-6 col-lg-3 mb-4 widget_feature_card menu-col\">\n\t\t             <div class=\"text-center card-1\">\n                                  <a href=\"https:\/\/docs.google.com\/document\/d\/1gqxRgLbOIJom_xjQ5Jz685MSLHAqKuL8\/edit?usp=sharing&#038;ouid=100001318718233728978&#038;rtpof=true&#038;sd=true\" target=\"_target\" rel=\"noopener\">\n\t\t\t          <div class=\"align\">\n\t\t\t\t       <figure><img decoding=\"async\" width=\"190px\" src=\"https:\/\/quimica.ufvjm.edu.br\/wp-admin\/images\/icons\/monografia.png?_t=1715791183\"><figure>\t\t\t\t\t\t\t                        \n                                  <\/div>\n                                  <\/a>\n                             <\/div>\n\t\t       <\/div>\t\n\n                       <div id=\"feature_card-3\" class=\"widget_feature_card col-sm-12 col-md-6 col-lg-3 mb-4 widget_feature_card menu-col\">\n\t\t             <div class=\"text-center card-1\">\n                                  <a href=\"https:\/\/www.canva.com\/design\/DAEqT9lD6BE\/_itxZNsTRgNQ-aOpF-BGqQ\/view?utm_content=DAEqT9lD6BE&#038;utm_campaign=designshare&#038;utm_medium=link&#038;utm_source=publishsharelink&#038;mode=preview\" target=\"_target\" rel=\"noopener\">\n\t\t\t          <div class=\"align\">\n\t\t\t\t       <figure><img decoding=\"async\" width=\"185px\" src=\"https:\/\/quimica.ufvjm.edu.br\/wp-admin\/images\/icons\/folder.png?_t=1715792230\"><figure>\t\t\t\t\t\t\t                        \n                                  <\/div>\n                                  <\/a>\n                             <\/div>\n\t\t       <\/div>\n\n\n                       <div id=\"feature_card-3\" class=\"widget_feature_card col-sm-12 col-md-6 col-lg-3 mb-4 widget_feature_card menu-col\">\n\t\t             <div class=\"text-center card-1\">\n                                  <a href=\"https:\/\/drive.google.com\/drive\/folders\/1QHRsbfyemdH14t22cHAc9DnP-Y3EpPo-?usp=sharing\" target=\"_target\" rel=\"noopener\">\n\t\t\t          <div class=\"align\">\n\t\t\t\t       <figure><img decoding=\"async\" width=\"180px\" src=\"https:\/\/quimica.ufvjm.edu.br\/wp-admin\/images\/icons\/capa.png?_t=1715792486\"><figure>\t\t\t\t\t\t\t                        \n                                  <\/div>\n                                  <\/a>\n                             <\/div>\n\t\t       <\/div>\n\n\n<\/section>\n","protected":false},"excerpt":{"rendered":"<p>Templates&nbsp;para a elabora\u00e7\u00e3o do&nbsp;Trabalho de Conclus\u00e3o de Curso&nbsp;e folder de divulga\u00e7\u00e3o da defesa.<\/p>\n","protected":false},"author":1,"featured_media":0,"parent":0,"menu_order":0,"comment_status":"closed","ping_status":"closed","template":"","meta":{"_editorskit_title_hidden":false,"_editorskit_reading_time":0,"_editorskit_is_block_options_detached":false,"_editorskit_block_options_position":"{}","_exactmetrics_skip_tracking":false,"_exactmetrics_sitenote_active":false,"_exactmetrics_sitenote_note":"","_exactmetrics_sitenote_category":0,"footnotes":""},"_links":{"self":[{"href":"https:\/\/quimica.ufvjm.edu.br\/index.php?rest_route=\/wp\/v2\/pages\/6140"}],"collection":[{"href":"https:\/\/quimica.ufvjm.edu.br\/index.php?rest_route=\/wp\/v2\/pages"}],"about":[{"href":"https:\/\/quimica.ufvjm.edu.br\/index.php?rest_route=\/wp\/v2\/types\/page"}],"author":[{"embeddable":true,"href":"https:\/\/quimica.ufvjm.edu.br\/index.php?rest_route=\/wp\/v2\/users\/1"}],"replies":[{"embeddable":true,"href":"https:\/\/quimica.ufvjm.edu.br\/index.php?rest_route=%2Fwp%2Fv2%2Fcomments&post=6140"}],"version-history":[{"count":14,"href":"https:\/\/quimica.ufvjm.edu.br\/index.php?rest_route=\/wp\/v2\/pages\/6140\/revisions"}],"predecessor-version":[{"id":6200,"href":"https:\/\/quimica.ufvjm.edu.br\/index.php?rest_route=\/wp\/v2\/pages\/6140\/revisions\/6200"}],"wp:attachment":[{"href":"https:\/\/quimica.ufvjm.edu.br\/index.php?rest_route=%2Fwp%2Fv2%2Fmedia&parent=6140"}],"curies":[{"name":"wp","href":"https:\/\/api.w.org\/{rel}","templated":true}]}}