{"id":6095,"date":"2024-05-14T16:33:46","date_gmt":"2024-05-14T19:33:46","guid":{"rendered":"https:\/\/quimica.ufvjm.edu.br\/?page_id=6095"},"modified":"2024-05-14T17:50:00","modified_gmt":"2024-05-14T20:50:00","slug":"trabalho-de-conclusao-de-curso","status":"publish","type":"page","link":"https:\/\/quimica.ufvjm.edu.br\/?page_id=6095","title":{"rendered":"Trabalho de Conclus\u00e3o de Curso"},"content":{"rendered":"\n<p class=\"has-text-align-justify\">\u00c9 uma atividade acad\u00eamica obrigat\u00f3ria que consiste na sistematiza\u00e7\u00e3o, registro e apresenta\u00e7\u00e3o de conhecimentos culturais, cient\u00edficos e t\u00e9cnicos, produzidos na \u00e1rea de Qu\u00edmica ou Ensino de Qu\u00edmica, como resultado do trabalho de pesquisa, investiga\u00e7\u00e3o cient\u00edfica e ou extens\u00e3o.<\/p>\n\n\n\n<p class=\"has-text-align-justify\">Para orientar a elabora\u00e7\u00e3o desta importante etapa de sua trajet\u00f3ria acad\u00eamica, inicie pela leitura do Regulamento do Trabalho de Conclus\u00e3o de Curso,&nbsp; dispon\u00edvel a seguir:<a href=\"http:\/\/acervo.ufvjm.edu.br\/jspui\/\" target=\"_blank\" rel=\"noreferrer noopener\"><\/a><\/p>\n\n\n\n<br>\n<section id=\"idg_wp_widget_area_5\" class=\"services\">\n\t <div class=\"container\">\n\t      <div class=\"row\">\n                   <div class=\"overflow-wrapper\">\n\n\t\t\t<div id=\"feature_card-3\" class=\"widget_feature_card col-sm-12 col-md-6 col-lg-3 mb-4 widget_feature_card menu-col\">\n\t\t             <div class=\"text-center card-1\">\n                                  <a href=\"https:\/\/drive.google.com\/file\/d\/1E47YWiHDXTCjmZuS5w5E7zyS0Hny1ara\/view\" target=\"_target\" rel=\"noopener\">\n\t\t\t          <div class=\"align\">\n\t\t\t\t       <figure><img decoding=\"async\" width=\"190px\" src=\"https:\/\/quimica.ufvjm.edu.br\/wp-admin\/images\/icons\/regulamento.png?_t=1715714777\"><figure>\t\t\t\t\t\t\t                        \n                                  <\/div>\n                                  <\/a>\n                             <\/div>\n\t\t       <\/div>\t\n\n<!-- new drop --!>\n\n                      <div id=\"feature_card-3\" class=\"widget_feature_card col-sm-12 col-md-6 col-lg-3 mb-4 widget_feature_card menu-col\">\n\t\t             <div class=\"text-center card-1\">\n                                  <a href=\"https:\/\/docs.google.com\/document\/d\/1CCnKaduCFeZox5mh36g8AFxSnzw1zpdYzfwgHwNK8V0\/edit\" target=\"_target\" rel=\"noopener\">\n\t\t\t          <div class=\"align\">\n\t\t\t\t       <figure><img decoding=\"async\" width=\"200px\" src=\"https:\/\/quimica.ufvjm.edu.br\/wp-admin\/images\/icons\/projetodetcc.png?_t=1715715994\"><figure>\t\t\t\t\t\t\t                        \n                                  <\/div>\n                                  <\/a>\n                             <\/div>\n\t\t       <\/div>\n\n                      <div id=\"feature_card-3\" class=\"widget_feature_card col-sm-12 col-md-6 col-lg-3 mb-4 widget_feature_card menu-col\">\n\t\t             <div class=\"text-center card-1\">\n                                  <a href=\"https:\/\/quimica.ufvjm.edu.br\/?page_id=6140\" target=\"_self\" rel=\"noopener\">\n\t\t\t          <div class=\"align\">\n\t\t\t\t       <figure><img decoding=\"async\" width=\"200px\" src=\"https:\/\/quimica.ufvjm.edu.br\/wp-admin\/images\/icons\/templates.png?_t=1715717162\"><figure>\t\t\t\t\t\t\t                        \n                                  <\/div>\n                                  <\/a>\n                             <\/div>\n\t\t       <\/div>\n\n\n                      <div id=\"feature_card-3\" class=\"widget_feature_card col-sm-12 col-md-6 col-lg-3 mb-4 widget_feature_card menu-col\">\n\t\t             <div class=\"text-center card-1\">\n                                  <a href=\"\" target=\"_self\" rel=\"noopener\">\n\t\t\t          <div class=\"align\">\n\t\t\t\t       <figure><img decoding=\"async\" width=\"200px\" src=\"https:\/\/quimica.ufvjm.edu.br\/wp-admin\/images\/icons\/redacao.png?_t=1715717779\"><figure>\t\t\t\t\t\t\t                        \n                                  <\/div>\n                                  <\/a>\n                             <\/div>\n\t\t       <\/div>\n\n                       <div id=\"feature_card-3\" class=\"widget_feature_card col-sm-12 col-md-6 col-lg-3 mb-4 widget_feature_card menu-col\">\n\t\t             <div class=\"text-center card-1\">\n                                  <a href=\"https:\/\/quimica.ufvjm.edu.br\/?page_id=6147\" target=\"_self\" rel=\"noopener\">\n\t\t\t          <div class=\"align\">\n\t\t\t\t       <figure><img decoding=\"async\" width=\"200px\" src=\"https:\/\/quimica.ufvjm.edu.br\/wp-admin\/images\/icons\/formularios.png?_t=1715717997\"><figure>\t\t\t\t\t\t\t                        \n                                  <\/div>\n                                  <\/a>\n                             <\/div>\n\t\t       <\/div>\n\n                      <div id=\"feature_card-3\" class=\"widget_feature_card col-sm-12 col-md-6 col-lg-3 mb-4 widget_feature_card menu-col\">\n\t\t             <div class=\"text-center card-1\">\n                                  <a href=\"https:\/\/quimica.ufvjm.edu.br\/?page_id=330\" target=\"_self\" rel=\"noopener\">\n\t\t\t          <div class=\"align\">\n\t\t\t\t       <figure><img decoding=\"async\" width=\"200px\" src=\"https:\/\/quimica.ufvjm.edu.br\/wp-admin\/images\/icons\/trabalhosdefendidos.png?_t=1715718435\"><figure>\t\t\t\t\t\t\t                        \n                                  <\/div>\n                                  <\/a>\n                             <\/div>\n\t\t       <\/div>\n\n\n                    <\/div>\n\t\t<\/div>\n\t<\/div>\n\n\n<\/section>\n\n\n\n<p><a href=\"\"><\/a><\/p>\n\n\n\n<p class=\"has-text-align-justify\"><a href=\"\"><\/a><\/p>\n","protected":false},"excerpt":{"rendered":"<p>\u00c9 uma atividade acad\u00eamica obrigat\u00f3ria que consiste na sistematiza\u00e7\u00e3o, registro e apresenta\u00e7\u00e3o de conhecimentos culturais, cient\u00edficos e t\u00e9cnicos, produzidos na \u00e1rea de Qu\u00edmica ou Ensino de Qu\u00edmica, como resultado do trabalho de pesquisa, investiga\u00e7\u00e3o cient\u00edfica e ou extens\u00e3o. Para orientar a elabora\u00e7\u00e3o desta importante etapa de sua trajet\u00f3ria acad\u00eamica, inicie pela leitura do Regulamento do Trabalho de Conclus\u00e3o de Curso,&nbsp; dispon\u00edvel a seguir:<\/p>\n","protected":false},"author":1,"featured_media":0,"parent":318,"menu_order":0,"comment_status":"closed","ping_status":"closed","template":"","meta":{"_editorskit_title_hidden":false,"_editorskit_reading_time":2,"_editorskit_is_block_options_detached":false,"_editorskit_block_options_position":"{}","_exactmetrics_skip_tracking":false,"_exactmetrics_sitenote_active":false,"_exactmetrics_sitenote_note":"","_exactmetrics_sitenote_category":0,"footnotes":""},"_links":{"self":[{"href":"https:\/\/quimica.ufvjm.edu.br\/index.php?rest_route=\/wp\/v2\/pages\/6095"}],"collection":[{"href":"https:\/\/quimica.ufvjm.edu.br\/index.php?rest_route=\/wp\/v2\/pages"}],"about":[{"href":"https:\/\/quimica.ufvjm.edu.br\/index.php?rest_route=\/wp\/v2\/types\/page"}],"author":[{"embeddable":true,"href":"https:\/\/quimica.ufvjm.edu.br\/index.php?rest_route=\/wp\/v2\/users\/1"}],"replies":[{"embeddable":true,"href":"https:\/\/quimica.ufvjm.edu.br\/index.php?rest_route=%2Fwp%2Fv2%2Fcomments&post=6095"}],"version-history":[{"count":34,"href":"https:\/\/quimica.ufvjm.edu.br\/index.php?rest_route=\/wp\/v2\/pages\/6095\/revisions"}],"predecessor-version":[{"id":6178,"href":"https:\/\/quimica.ufvjm.edu.br\/index.php?rest_route=\/wp\/v2\/pages\/6095\/revisions\/6178"}],"up":[{"embeddable":true,"href":"https:\/\/quimica.ufvjm.edu.br\/index.php?rest_route=\/wp\/v2\/pages\/318"}],"wp:attachment":[{"href":"https:\/\/quimica.ufvjm.edu.br\/index.php?rest_route=%2Fwp%2Fv2%2Fmedia&parent=6095"}],"curies":[{"name":"wp","href":"https:\/\/api.w.org\/{rel}","templated":true}]}}