{"id":6008,"date":"2024-05-10T14:54:55","date_gmt":"2024-05-10T17:54:55","guid":{"rendered":"https:\/\/quimica.ufvjm.edu.br\/?page_id=6008"},"modified":"2025-05-29T19:55:22","modified_gmt":"2025-05-29T22:55:22","slug":"normas-e-resolucoes","status":"publish","type":"page","link":"https:\/\/quimica.ufvjm.edu.br\/?page_id=6008","title":{"rendered":"Normas e resolu\u00e7\u00f5es"},"content":{"rendered":"\n<h4 class=\"wp-block-heading\">Regimento interno<\/h4>\n\n\n\n<p><a href=\"http:\/\/site.ufvjm.edu.br\/dequi\/files\/2017\/08\/Regimento-do-DEQUI_ATUAL.pdf\" target=\"_blank\" aria-label=\" (opens in a new tab)\" rel=\"noreferrer noopener\" class=\"ek-link\"><span style=\"text-decoration: underline;\" class=\"ek-underline\">REGIMENTO INTERNO DO DEPARTAMENTO DE QU\u00cdMICA DA FACULDADE DE CI\u00caNCIAS EXATAS \u2013 FACET<\/span><\/a><\/p>\n\n\n\n<hr class=\"wp-block-separator has-alpha-channel-opacity\"\/>\n\n\n\n<h4 class=\"wp-block-heading\">Est\u00e1gio Supervisionado<\/h4>\n\n\n\n<p><a aria-label=\" (opens in a new tab)\" href=\"http:\/\/site.ufvjm.edu.br\/dequi\/files\/2017\/08\/RESOLU%C3%87%C3%83O-N%C2%BA-21-CONSEPE-DE-25-DE-JULHO-DE-2014-2.pdf\" target=\"_blank\" rel=\"noreferrer noopener\" class=\"ek-link\"><span style=\"text-decoration: underline;\" class=\"ek-underline\">RESOLU\u00c7\u00c3O&nbsp; N\u00ba. &nbsp;21 \u2013 CONSEPE de&nbsp;2014: Estabelece as normas de Est\u00e1gio<\/span><\/a><\/p>\n\n\n\n<p><a href=\"http:\/\/site.ufvjm.edu.br\/dequi\/files\/2017\/08\/RESOL17CONVESTAGIO00-1.pdf\" target=\"_blank\" aria-label=\" (opens in a new tab)\" rel=\"noreferrer noopener\" class=\"ek-link\"><span style=\"text-decoration: underline;\" class=\"ek-underline\">RESOLU\u00c7\u00c3O N\u00ba. 17 \u2013 CONSEPE, de 2016: &nbsp;Revoga art 5o e par\u00e1grafos da RESOLU\u00c7\u00c3O 21 de 2014<\/span><\/a><\/p>\n\n\n\n<hr class=\"wp-block-separator has-alpha-channel-opacity\"\/>\n\n\n\n<h4 class=\"wp-block-heading\">Atividades Complementares e Atividades Acad\u00eamico-Cient\u00edfico-Culturais<\/h4>\n\n\n\n<p><a href=\"http:\/\/site.ufvjm.edu.br\/dequi\/files\/2017\/08\/Resolucao-05-Atividades-Complementares-UFVJM.pdf\" target=\"_blank\" aria-label=\" (opens in a new tab)\" rel=\"noreferrer noopener\" class=\"ek-link\"><span style=\"text-decoration: underline;\" class=\"ek-underline\">RESOLU\u00c7\u00c3O N\u00ba. 05 \u2013 CONSEPE, de 2010:&nbsp;Estabelece a equival\u00eancia em horas das&nbsp;Atividades Complementares-AC e das&nbsp;Atividades Acad\u00eamico-Cient\u00edfico-<\/span><\/a><a href=\"http:\/\/site.ufvjm.edu.br\/dequi\/files\/2017\/08\/Resolucao-05-Atividades-Complementares-UFVJM.pdf\"><span style=\"text-decoration: underline;\" class=\"ek-underline\">Culturais-AACC<\/span><\/a><\/p>\n\n\n\n<hr class=\"wp-block-separator has-alpha-channel-opacity\"\/>\n\n\n\n<h4 class=\"wp-block-heading\">Trabalho de Conclus\u00e3o de Curso<\/h4>\n\n\n\n<p><span style=\"text-decoration: underline;\" class=\"ek-underline\"><a href=\"http:\/\/site.ufvjm.edu.br\/dequi\/files\/2017\/08\/Resolu%C3%A7%C3%A3o-22-CONSEPE-2017-Estabelece-normas-para-TCC.pdf\" target=\"_blank\" aria-label=\" (opens in a new tab)\" rel=\"noreferrer noopener\" class=\"ek-link\">RESOLU\u00c7\u00c3O N\u00ba. 22 \u2013 CONSEPE, de&nbsp;2017:&nbsp;Estabelece as normas para o Trabalho de<\/a> <a href=\"http:\/\/site.ufvjm.edu.br\/dequi\/files\/2017\/08\/Resolu%C3%A7%C3%A3o-22-CONSEPE-2017-Estabelece-normas-para-TCC.pdf\">Conclus\u00e3o de Curso<\/a><\/span><\/p>\n","protected":false},"excerpt":{"rendered":"<p>Regimento interno REGIMENTO INTERNO DO DEPARTAMENTO DE QU\u00cdMICA DA FACULDADE DE CI\u00caNCIAS EXATAS \u2013 FACET Est\u00e1gio Supervisionado RESOLU\u00c7\u00c3O&nbsp; N\u00ba. &nbsp;21 \u2013 CONSEPE de&nbsp;2014: Estabelece as normas de Est\u00e1gio RESOLU\u00c7\u00c3O N\u00ba. 17 \u2013 CONSEPE, de 2016: &nbsp;Revoga art 5o e par\u00e1grafos da RESOLU\u00c7\u00c3O 21 de 2014 Atividades Complementares e Atividades Acad\u00eamico-Cient\u00edfico-Culturais RESOLU\u00c7\u00c3O N\u00ba. 05 \u2013 CONSEPE, de 2010:&nbsp;Estabelece a equival\u00eancia em horas das&nbsp;Atividades Complementares-AC e das&nbsp;Atividades Acad\u00eamico-Cient\u00edfico-Culturais-AACC Trabalho de Conclus\u00e3o de Curso RESOLU\u00c7\u00c3O N\u00ba. 22 \u2013 CONSEPE, de&nbsp;2017:&nbsp;Estabelece as normas para o Trabalho de Conclus\u00e3o de Curso<\/p>\n","protected":false},"author":1,"featured_media":0,"parent":0,"menu_order":0,"comment_status":"closed","ping_status":"closed","template":"","meta":{"_editorskit_title_hidden":false,"_editorskit_reading_time":0,"_editorskit_is_block_options_detached":false,"_editorskit_block_options_position":"{}","_exactmetrics_skip_tracking":false,"_exactmetrics_sitenote_active":false,"_exactmetrics_sitenote_note":"","_exactmetrics_sitenote_category":0,"footnotes":""},"_links":{"self":[{"href":"https:\/\/quimica.ufvjm.edu.br\/index.php?rest_route=\/wp\/v2\/pages\/6008"}],"collection":[{"href":"https:\/\/quimica.ufvjm.edu.br\/index.php?rest_route=\/wp\/v2\/pages"}],"about":[{"href":"https:\/\/quimica.ufvjm.edu.br\/index.php?rest_route=\/wp\/v2\/types\/page"}],"author":[{"embeddable":true,"href":"https:\/\/quimica.ufvjm.edu.br\/index.php?rest_route=\/wp\/v2\/users\/1"}],"replies":[{"embeddable":true,"href":"https:\/\/quimica.ufvjm.edu.br\/index.php?rest_route=%2Fwp%2Fv2%2Fcomments&post=6008"}],"version-history":[{"count":2,"href":"https:\/\/quimica.ufvjm.edu.br\/index.php?rest_route=\/wp\/v2\/pages\/6008\/revisions"}],"predecessor-version":[{"id":6721,"href":"https:\/\/quimica.ufvjm.edu.br\/index.php?rest_route=\/wp\/v2\/pages\/6008\/revisions\/6721"}],"wp:attachment":[{"href":"https:\/\/quimica.ufvjm.edu.br\/index.php?rest_route=%2Fwp%2Fv2%2Fmedia&parent=6008"}],"curies":[{"name":"wp","href":"https:\/\/api.w.org\/{rel}","templated":true}]}}