{"id":5675,"date":"2024-01-26T19:51:03","date_gmt":"2024-01-26T22:51:03","guid":{"rendered":"https:\/\/facet.ufvjm.edu.br\/?page_id=5675"},"modified":"2024-02-15T16:40:39","modified_gmt":"2024-02-15T19:40:39","slug":"horarios-de-funcionamento","status":"publish","type":"page","link":"https:\/\/quimica.ufvjm.edu.br\/?page_id=5675","title":{"rendered":"Biblioteca"},"content":{"rendered":"\n<figure class=\"wp-block-image size-full is-resized\"><img decoding=\"async\" src=\"https:\/\/facet.ufvjm.edu.br\/wp-content\/uploads\/2024\/01\/foto-da-biblioteca-e1706305484820.jpeg\" alt=\"\" class=\"wp-image-5677\" style=\"aspect-ratio:4;object-fit:cover;width:1280px;height:auto\"\/><\/figure>\n\n\n\n<p class=\"has-text-align-justify\">Confira a seguir o hor\u00e1rio de funcionamento, alguns dos servi\u00e7os oferecidos pela Biblioteca Central do Campus JK de Diamantina e o endere\u00e7o junto com telefones de contato caso necessite. Para obter mais informa\u00e7\u00f5es detalhadas clique no link a seguir para acessar a p\u00e1gina dedicada \u00e0 biblioteca: <a aria-label=\"http:\/\/ufvjm.edu.br\/biblioteca\/ (opens in a new tab)\" href=\"http:\/\/ufvjm.edu.br\/biblioteca\/\" target=\"_blank\" rel=\"noreferrer noopener\" class=\"ek-link\">http:\/\/ufvjm.edu.br\/biblioteca\/<\/a>. L\u00e1, voc\u00ea encontrar\u00e1 informa\u00e7\u00f5es mais abrangentes e recursos adicionais para aprimorar sua experi\u00eancia acad\u00eamica.<\/p>\n\n\n\n<p><strong>Hor\u00e1rio de Funcionamento:<\/strong><\/p>\n\n\n\n<ul>\n<li>Segunda a Sexta: 8h \u00e0s 20h (per\u00edodo letivo e recesso acad\u00eamico)<\/li>\n<\/ul>\n\n\n\n<p><strong>Servi\u00e7os Oferecidos:<\/strong><\/p>\n\n\n\n<ol>\n<li>Consulta ao acervo local<\/li>\n\n\n\n<li>Empr\u00e9stimo domiciliar (para usu\u00e1rios) *<\/li>\n\n\n\n<li>Acesso remoto \u00e0 base de dados para consulta, reserva e renova\u00e7\u00e3o de empr\u00e9stimos *<\/li>\n\n\n\n<li>Servi\u00e7o de Comuta\u00e7\u00e3o Bibliogr\u00e1fica (COMUT) *<\/li>\n\n\n\n<li>Orienta\u00e7\u00e3o sobre normaliza\u00e7\u00e3o bibliogr\u00e1fica<\/li>\n\n\n\n<li>Elabora\u00e7\u00e3o de ficha catalogr\u00e1fica *<\/li>\n\n\n\n<li>Orienta\u00e7\u00e3o e treinamento de usu\u00e1rios no uso de bases de dados e portais de pesquisa *<\/li>\n\n\n\n<li>Visita orientada \u00e0 biblioteca<\/li>\n<\/ol>\n\n\n\n<p class=\"has-ek-indent\" style=\"--ek-indent:20px\">* Usu\u00e1rios com v\u00ednculo institucional na UFVJM<\/p>\n\n\n\n<p><strong>Endere\u00e7o da Biblioteca Central, Campus JK &#8211; UFVJM: <\/strong><\/p>\n\n\n\n<p>Rodovia BR 367 \u2013 Km 583, s\/n\u00a0\u00a0<br>Bairro Alto da Jacuba\u00a0<br>Diamantina\/MG<br>CEP 39100-000<br>Telefones: (38) 3532-1205\/1207\/1208<br>E-mail:\u00a0<a href=\"mailto:%20%3Cscript%20language='JavaScript'%20type='text\/javascript'%3E%20%3C!--%20var%20prefix%20=%20'mailto:';%20var%20suffix%20=%20'';%20var%20attribs%20=%20'';%20var%20path%20=%20'hr'%20+%20'ef'%20+%20'=';%20var%20addy58616%20=%20'referenciajk'%20+%20'@';%20addy58616%20=%20addy58616%20+%20'ufvjm'%20+%20'.'%20+%20'edu'%20+%20'.'%20+%20'br';%20document.write(%20'%3Ca%20'%20+%20path%20+%20'\\''%20+%20prefix%20+%20addy58616%20+%20suffix%20+%20'\\''%20+%20attribs%20+%20'%3E'%20);%20document.write(%20addy58616%20);%20document.write(%20'%3C\\\/a%3E'%20);%20\/\/--%3E%20%3C\/script%3E%3Cscript%20language='JavaScript'%20type='text\/javascript'%3E%20%3C!--%20document.write(%20'%3Cspan%20style=\\'display:%20none;\\'%3E'%20);%20\/\/--%3E%20%3C\/script%3EEsta%20direcci%C3%B3n%20electr%C3%B3nica%20esta%20protegida%20contra%20spambots.%20Es%20necesario%20activar%20Javascript%20para%20visualizarla%20%3Cscript%20language='JavaScript'%20type='text\/javascript'%3E%20%3C!--%20document.write(%20'%3C\/'%20);%20document.write(%20'span%3E'%20);%20\/\/--%3E%20%3C\/script%3E\"><\/a><a href=\"mailto:referenciajk@ufvjm.edu.br\">referenciajk@ufvjm.edu.br<\/a><\/p>\n","protected":false},"excerpt":{"rendered":"<p>Confira a seguir o hor\u00e1rio de funcionamento, alguns dos servi\u00e7os oferecidos pela Biblioteca Central do Campus JK de Diamantina e o endere\u00e7o junto com telefones de contato caso necessite. Para obter mais informa\u00e7\u00f5es detalhadas clique no link a seguir para acessar a p\u00e1gina dedicada \u00e0 biblioteca: http:\/\/ufvjm.edu.br\/biblioteca\/. L\u00e1, voc\u00ea encontrar\u00e1 informa\u00e7\u00f5es mais abrangentes e recursos adicionais para aprimorar sua experi\u00eancia acad\u00eamica. Hor\u00e1rio de Funcionamento: Servi\u00e7os Oferecidos: * Usu\u00e1rios com v\u00ednculo institucional na UFVJM Endere\u00e7o da Biblioteca Central, Campus JK &#8211; UFVJM: Rodovia BR 367 \u2013 Km 583, s\/n\u00a0\u00a0Bairro Alto da Jacuba\u00a0Diamantina\/MGCEP 39100-000Telefones: (38) 3532-1205\/1207\/1208E-mail:\u00a0referenciajk@ufvjm.edu.br<\/p>\n","protected":false},"author":1,"featured_media":0,"parent":130,"menu_order":0,"comment_status":"closed","ping_status":"closed","template":"","meta":{"_editorskit_title_hidden":false,"_editorskit_reading_time":0,"_editorskit_is_block_options_detached":false,"_editorskit_block_options_position":"{}","_exactmetrics_skip_tracking":false,"_exactmetrics_sitenote_active":false,"_exactmetrics_sitenote_note":"","_exactmetrics_sitenote_category":0,"footnotes":""},"_links":{"self":[{"href":"https:\/\/quimica.ufvjm.edu.br\/index.php?rest_route=\/wp\/v2\/pages\/5675"}],"collection":[{"href":"https:\/\/quimica.ufvjm.edu.br\/index.php?rest_route=\/wp\/v2\/pages"}],"about":[{"href":"https:\/\/quimica.ufvjm.edu.br\/index.php?rest_route=\/wp\/v2\/types\/page"}],"author":[{"embeddable":true,"href":"https:\/\/quimica.ufvjm.edu.br\/index.php?rest_route=\/wp\/v2\/users\/1"}],"replies":[{"embeddable":true,"href":"https:\/\/quimica.ufvjm.edu.br\/index.php?rest_route=%2Fwp%2Fv2%2Fcomments&post=5675"}],"version-history":[{"count":11,"href":"https:\/\/quimica.ufvjm.edu.br\/index.php?rest_route=\/wp\/v2\/pages\/5675\/revisions"}],"predecessor-version":[{"id":5784,"href":"https:\/\/quimica.ufvjm.edu.br\/index.php?rest_route=\/wp\/v2\/pages\/5675\/revisions\/5784"}],"up":[{"embeddable":true,"href":"https:\/\/quimica.ufvjm.edu.br\/index.php?rest_route=\/wp\/v2\/pages\/130"}],"wp:attachment":[{"href":"https:\/\/quimica.ufvjm.edu.br\/index.php?rest_route=%2Fwp%2Fv2%2Fmedia&parent=5675"}],"curies":[{"name":"wp","href":"https:\/\/api.w.org\/{rel}","templated":true}]}}