{"id":4773,"date":"2022-07-26T12:16:41","date_gmt":"2022-07-26T15:16:41","guid":{"rendered":"https:\/\/localhost\/facet\/?page_id=4773"},"modified":"2024-06-03T17:02:24","modified_gmt":"2024-06-03T20:02:24","slug":"departamentos","status":"publish","type":"page","link":"https:\/\/quimica.ufvjm.edu.br\/?page_id=4773","title":{"rendered":"Programas"},"content":{"rendered":"\n<p class=\"has-text-align-center\"><strong>Programas oferecidos pelo DEQUI.<\/strong><\/p>\n\n\n\n<div class=\"overflow-wrapper\">\n\n<div id=\"feature_card-1\" class=\"col-sm-12 col-md-6 col-lg-4 mb-4 widget_feature_card\">\n<div class=\"text-center card-2\">\n    <div class=\"align\">\n      <a href=\"https:\/\/quimica.ufvjm.edu.br\/?page_id=6450\" target=\"_self\" style=\"text-decoration: none;\" rel=\"noopener\">\n        <figure class=\"p-3\"><img decoding=\"async\" src=\"https:\/\/quimica.ufvjm.edu.br\/wp-admin\/images\/icons\/icons%20fav\/molecular-structure.png?_t=1717444840\" width=\"100px\"><\/figure>\n        <h3 class=\"card-title\">PIBID<\/h3>\n        <p>Programa Institucional de Bolsas de Inicia\u00e7\u00e3o \u00e0 Doc\u00eancia<\/p>\n      <\/a>\n    <\/div>\n  <\/div>\n<\/div>\n\n<div id=\"feature_card-2\" class=\"col-sm-12 col-md-6 col-lg-4 mb-4 widget_feature_card\">\n  <div class=\"text-center card-3\">\n    <div class=\"align\">\n      <a href=\"https:\/\/quimica.ufvjm.edu.br\/?page_id=6516\" target=\"_self\" style=\"text-decoration: none;\" rel=\"noopener\">\n        <figure class=\"p-3\"><img decoding=\"async\" src=\"https:\/\/quimica.ufvjm.edu.br\/wp-admin\/images\/icons\/icons%20fav\/connection.png?_t=1717444119\" width=\"100px\"><\/figure>\n        <h3 class=\"card-title\">Resid\u00eancia<\/h3>\n        <p>Resid\u00eancia Pedag\u00f3gica<\/p>\n      <\/a>\n    <\/div>\n  <\/div>\n<\/div>\n<\/div>\n","protected":false},"excerpt":{"rendered":"<p>Programas oferecidos pelo DEQUI. PIBID Programa Institucional de Bolsas de Inicia\u00e7\u00e3o \u00e0 Doc\u00eancia Resid\u00eancia Resid\u00eancia Pedag\u00f3gica<\/p>\n","protected":false},"author":1,"featured_media":0,"parent":0,"menu_order":0,"comment_status":"closed","ping_status":"closed","template":"page-info.php","meta":{"_editorskit_title_hidden":false,"_editorskit_reading_time":1,"_editorskit_is_block_options_detached":false,"_editorskit_block_options_position":"{}","_exactmetrics_skip_tracking":false,"_exactmetrics_sitenote_active":false,"_exactmetrics_sitenote_note":"","_exactmetrics_sitenote_category":0,"footnotes":""},"_links":{"self":[{"href":"https:\/\/quimica.ufvjm.edu.br\/index.php?rest_route=\/wp\/v2\/pages\/4773"}],"collection":[{"href":"https:\/\/quimica.ufvjm.edu.br\/index.php?rest_route=\/wp\/v2\/pages"}],"about":[{"href":"https:\/\/quimica.ufvjm.edu.br\/index.php?rest_route=\/wp\/v2\/types\/page"}],"author":[{"embeddable":true,"href":"https:\/\/quimica.ufvjm.edu.br\/index.php?rest_route=\/wp\/v2\/users\/1"}],"replies":[{"embeddable":true,"href":"https:\/\/quimica.ufvjm.edu.br\/index.php?rest_route=%2Fwp%2Fv2%2Fcomments&post=4773"}],"version-history":[{"count":29,"href":"https:\/\/quimica.ufvjm.edu.br\/index.php?rest_route=\/wp\/v2\/pages\/4773\/revisions"}],"predecessor-version":[{"id":6578,"href":"https:\/\/quimica.ufvjm.edu.br\/index.php?rest_route=\/wp\/v2\/pages\/4773\/revisions\/6578"}],"wp:attachment":[{"href":"https:\/\/quimica.ufvjm.edu.br\/index.php?rest_route=%2Fwp%2Fv2%2Fmedia&parent=4773"}],"curies":[{"name":"wp","href":"https:\/\/api.w.org\/{rel}","templated":true}]}}