{"id":3657,"date":"2021-07-16T13:55:53","date_gmt":"2021-07-16T16:55:53","guid":{"rendered":"https:\/\/www.ict.ufvjm.edu.br\/?page_id=3657"},"modified":"2024-02-16T16:49:48","modified_gmt":"2024-02-16T19:49:48","slug":"nossas-midias-sociais","status":"publish","type":"page","link":"https:\/\/quimica.ufvjm.edu.br\/?page_id=3657","title":{"rendered":"Nossas m\u00eddias sociais"},"content":{"rendered":"\t\t<div data-elementor-type=\"wp-page\" data-elementor-id=\"3657\" class=\"elementor elementor-3657\">\n\t\t\t\t\t\t\t<div class=\"elementor-element elementor-element-19e30fd7 e-flex e-con-boxed wpr-particle-no wpr-jarallax-no wpr-parallax-no wpr-sticky-section-no e-con e-parent\" data-id=\"19e30fd7\" data-element_type=\"container\" data-settings=\"{&quot;content_width&quot;:&quot;boxed&quot;}\" data-core-v316-plus=\"true\">\n\t\t\t\t\t<div class=\"e-con-inner\">\n\t\t\t\t<div class=\"elementor-element elementor-element-5a8bda23 elementor-widget elementor-widget-text-editor\" data-id=\"5a8bda23\" data-element_type=\"widget\" data-widget_type=\"text-editor.default\">\n\t\t\t\t<div class=\"elementor-widget-container\">\n\t\t\t<style>\/*! elementor - v3.18.0 - 20-12-2023 *\/\n.elementor-widget-text-editor.elementor-drop-cap-view-stacked .elementor-drop-cap{background-color:#69727d;color:#fff}.elementor-widget-text-editor.elementor-drop-cap-view-framed .elementor-drop-cap{color:#69727d;border:3px solid;background-color:transparent}.elementor-widget-text-editor:not(.elementor-drop-cap-view-default) .elementor-drop-cap{margin-top:8px}.elementor-widget-text-editor:not(.elementor-drop-cap-view-default) .elementor-drop-cap-letter{width:1em;height:1em}.elementor-widget-text-editor .elementor-drop-cap{float:left;text-align:center;line-height:1;font-size:50px}.elementor-widget-text-editor .elementor-drop-cap-letter{display:inline-block}<\/style>\t\t\t\t<p><!-- wp:html --><\/p>\n<div class=\"midiasict-wrapper\">\n<div class=\"midiasict-cards-container\">\n<p><a class=\"midiasict-flex-item midiasict-facebook-card\" href=\"https:\/\/facebook.com\/facetufvjm\" target=\"_blank\" rel=\"noopener noreferrer\"><br \/><span class=\"fa fa-facebook midiasict-fa midiasict-fa-facebook\">Facebook<\/span><br \/><\/a><\/p>\n<p><a class=\"midiasict-flex-item midiasict-instagram-card\" href=\"https:\/\/instagram.com\/facet.ufvjm\" target=\"_blank\" rel=\"noopener noreferrer\"><br \/><span class=\"fa fa-instagram midiasict-fa midiasict-fa-instagram\">Instagram<\/span><br \/><\/a><\/p>\n<\/div>\n<\/div>\n<p>\u00a0<\/p>\n<p><!-- \/wp:html --><\/p>\n<p><!-- wp:separator {\"opacity\":\"css\"} --><\/p>\n<hr class=\"wp-block-separator has-css-opacity\" \/>\n<p><!-- \/wp:separator --><\/p>\n<p><!-- wp:heading {\"level\":4} --><\/p>\n<h4 class=\"wp-block-heading\">Precisa divulgar?<\/h4>\n<p><!-- \/wp:heading --><\/p>\n<p><!-- wp:paragraph {\"className\":\"justify\"} --><\/p>\n<p class=\"justify\">Entre em contato com a Comiss\u00e3o Permanente de Divulga\u00e7\u00e3o da FACET. Basta preencher este <a class=\"ek-link\" href=\"#\" target=\"_blank\" rel=\"noreferrer noopener\" aria-label=\" (opens in a new tab)\"><strong>formul\u00e1rio<\/strong><\/a>. Sua solicita\u00e7\u00e3o ser\u00e1 avaliada e poder\u00e1 ser divulgada nas redes sociais do FACET.<\/p>\n<p><!-- \/wp:spacer --><\/p>\n<p><!-- wp:heading {\"level\":4} --><\/p>\n<h4 class=\"wp-block-heading\">\u00a0<\/h4>\n<p><!-- \/wp:heading --><\/p>\t\t\t\t\t\t<\/div>\n\t\t\t\t<\/div>\n\t\t\t\t\t<\/div>\n\t\t\t\t<\/div>\n\t\t\t\t\t\t\t<\/div>\n\t\t","protected":false},"excerpt":{"rendered":"<p>Facebook Instagram \u00a0 Precisa divulgar? Entre em contato com a Comiss\u00e3o Permanente de Divulga\u00e7\u00e3o da FACET. Basta preencher este formul\u00e1rio. Sua solicita\u00e7\u00e3o ser\u00e1 avaliada e poder\u00e1 ser divulgada nas redes sociais do FACET. \u00a0<\/p>\n","protected":false},"author":3,"featured_media":0,"parent":318,"menu_order":0,"comment_status":"closed","ping_status":"closed","template":"","meta":{"_editorskit_title_hidden":false,"_editorskit_reading_time":1,"_editorskit_is_block_options_detached":false,"_editorskit_block_options_position":"{}","_exactmetrics_skip_tracking":false,"_exactmetrics_sitenote_active":false,"_exactmetrics_sitenote_note":"","_exactmetrics_sitenote_category":0,"footnotes":""},"_links":{"self":[{"href":"https:\/\/quimica.ufvjm.edu.br\/index.php?rest_route=\/wp\/v2\/pages\/3657"}],"collection":[{"href":"https:\/\/quimica.ufvjm.edu.br\/index.php?rest_route=\/wp\/v2\/pages"}],"about":[{"href":"https:\/\/quimica.ufvjm.edu.br\/index.php?rest_route=\/wp\/v2\/types\/page"}],"author":[{"embeddable":true,"href":"https:\/\/quimica.ufvjm.edu.br\/index.php?rest_route=\/wp\/v2\/users\/3"}],"replies":[{"embeddable":true,"href":"https:\/\/quimica.ufvjm.edu.br\/index.php?rest_route=%2Fwp%2Fv2%2Fcomments&post=3657"}],"version-history":[{"count":51,"href":"https:\/\/quimica.ufvjm.edu.br\/index.php?rest_route=\/wp\/v2\/pages\/3657\/revisions"}],"predecessor-version":[{"id":5802,"href":"https:\/\/quimica.ufvjm.edu.br\/index.php?rest_route=\/wp\/v2\/pages\/3657\/revisions\/5802"}],"up":[{"embeddable":true,"href":"https:\/\/quimica.ufvjm.edu.br\/index.php?rest_route=\/wp\/v2\/pages\/318"}],"wp:attachment":[{"href":"https:\/\/quimica.ufvjm.edu.br\/index.php?rest_route=%2Fwp%2Fv2%2Fmedia&parent=3657"}],"curies":[{"name":"wp","href":"https:\/\/api.w.org\/{rel}","templated":true}]}}