{"id":322,"date":"2019-07-31T18:02:53","date_gmt":"2019-07-31T20:02:53","guid":{"rendered":"http:\/\/www4.ict.ufvjm.edu.br\/?page_id=322"},"modified":"2024-02-22T15:27:26","modified_gmt":"2024-02-22T18:27:26","slug":"direcao","status":"publish","type":"page","link":"https:\/\/quimica.ufvjm.edu.br\/?page_id=322","title":{"rendered":"Dire\u00e7\u00e3o"},"content":{"rendered":"\t\t<div data-elementor-type=\"wp-page\" data-elementor-id=\"322\" class=\"elementor elementor-322\">\n\t\t\t\t\t\t\t\t\t<section class=\"elementor-section elementor-top-section elementor-element elementor-element-5bdaed20 elementor-section-boxed elementor-section-height-default elementor-section-height-default wpr-particle-no wpr-jarallax-no wpr-parallax-no wpr-sticky-section-no\" data-id=\"5bdaed20\" data-element_type=\"section\">\n\t\t\t\t\t\t<div class=\"elementor-container elementor-column-gap-default\">\n\t\t\t\t\t<div class=\"elementor-column elementor-col-100 elementor-top-column elementor-element elementor-element-363edbfd\" data-id=\"363edbfd\" data-element_type=\"column\">\n\t\t\t<div class=\"elementor-widget-wrap elementor-element-populated\">\n\t\t\t\t\t\t\t\t<div class=\"elementor-element elementor-element-4b7c38de elementor-widget elementor-widget-text-editor\" data-id=\"4b7c38de\" data-element_type=\"widget\" data-widget_type=\"text-editor.default\">\n\t\t\t\t<div class=\"elementor-widget-container\">\n\t\t\t<style>\/*! elementor - v3.18.0 - 20-12-2023 *\/\n.elementor-widget-text-editor.elementor-drop-cap-view-stacked .elementor-drop-cap{background-color:#69727d;color:#fff}.elementor-widget-text-editor.elementor-drop-cap-view-framed .elementor-drop-cap{color:#69727d;border:3px solid;background-color:transparent}.elementor-widget-text-editor:not(.elementor-drop-cap-view-default) .elementor-drop-cap{margin-top:8px}.elementor-widget-text-editor:not(.elementor-drop-cap-view-default) .elementor-drop-cap-letter{width:1em;height:1em}.elementor-widget-text-editor .elementor-drop-cap{float:left;text-align:center;line-height:1;font-size:50px}.elementor-widget-text-editor .elementor-drop-cap-letter{display:inline-block}<\/style>\t\t\t\t<p><!-- wp:heading {\"level\":3,\"editorskit\":{\"devices\":false,\"desktop\":true,\"tablet\":true,\"mobile\":true,\"loggedin\":true,\"loggedout\":true,\"acf_visibility\":\"\",\"acf_field\":\"\",\"acf_condition\":\"\",\"acf_value\":\"\",\"migrated\":false,\"unit_test\":false}} --><\/p>\n<h3 class=\"wp-block-heading\"><strong>Mandato 2022-202<\/strong>6<\/h3>\n<p><!-- \/wp:heading --><\/p>\n<p><!-- wp:paragraph --><\/p>\n<p><strong>Roqueline Rodrigues Silva &#8211; Diretora<br><\/strong>Mandato: 21\/06\/2022 &#8211; 20\/06\/2026<br>Fone: (38) 3532 8320<br>Sala 24<br>E-mail:&nbsp;<a rel=\"noreferrer noopener\" href=\"mailto:dir.facet@ufvjm.edu.br\" target=\"_blank\">dir.facet@ufvjm.edu.br<\/a><\/p>\n<p><!-- \/wp:paragraph --><\/p>\n<p><!-- wp:paragraph --><\/p>\n<p><strong>\u00c1thila Rocha Trindade &#8211; Vice-Diretor<br><\/strong>Mandato: 21\/06\/2022 &#8211; 20\/06\/2026  <br>Fone: <br>Sala 19<br>E-mail:&nbsp;<a rel=\"noreferrer noopener\" href=\"mailto:dir.facet@ufvjm.edu.br\" target=\"_blank\">dir.facet@ufvjm.edu.br<\/a><\/p>\n<p><!-- \/wp:paragraph --><\/p>\n<p><!-- wp:separator {\"opacity\":\"css\"} --><\/p>\n<hr class=\"wp-block-separator has-css-opacity\">\n<p><!-- \/wp:separator --><\/p>\n<p><!-- wp:heading {\"level\":3,\"editorskit\":{\"devices\":false,\"desktop\":true,\"tablet\":true,\"mobile\":true,\"loggedin\":true,\"loggedout\":true,\"acf_visibility\":\"\",\"acf_field\":\"\",\"acf_condition\":\"\",\"acf_value\":\"\",\"migrated\":false,\"unit_test\":false}} --><\/p>\n<h3 class=\"wp-block-heading\"><strong>Secretaria da Dire\u00e7\u00e3o<\/strong><\/h3>\n<p><!-- \/wp:heading --><\/p>\n<p><!-- wp:paragraph --><\/p>\n<p><strong>Secret\u00e1rio: Henrique Alberto Alves Ferreira<\/strong><br>Fone: (38) 3532-6820<br>Sala 11<br>E-mail: <a href=\"mailto: sec.direcao@ict.ufvjm.edu.br\"><strong><\/strong><\/a><strong><a rel=\"noreferrer noopener\" href=\"mailto:sec.facet@uvjm.edu.br\" target=\"_blank\">sec.facet@uvjm.edu.br<\/a><\/strong><strong> <\/strong><\/p>\n<p><!-- \/wp:paragraph --><\/p>\n<p><!-- wp:paragraph --><\/p>\n<p><!-- \/wp:paragraph --><\/p>\n<p><!-- wp:separator {\"opacity\":\"css\"} --><\/p>\n<hr class=\"wp-block-separator has-css-opacity\">\n<p><!-- \/wp:separator --><\/p>\n<p><!-- wp:group {\"editorskit\":{\"devices\":false,\"desktop\":true,\"tablet\":true,\"mobile\":true,\"loggedin\":true,\"loggedout\":true,\"acf_visibility\":\"\",\"acf_field\":\"\",\"acf_condition\":\"\",\"acf_value\":\"\",\"migrated\":false,\"unit_test\":false}} --><\/p>\n<div class=\"wp-block-group\"><\/div>\n<p><!-- \/wp:group --><\/p>\t\t\t\t\t\t<\/div>\n\t\t\t\t<\/div>\n\t\t\t\t\t<\/div>\n\t\t<\/div>\n\t\t\t\t\t\t\t<\/div>\n\t\t<\/section>\n\t\t\t\t\t\t\t<\/div>\n\t\t","protected":false},"excerpt":{"rendered":"<p>Mandato 2022-2026 Roqueline Rodrigues Silva &#8211; DiretoraMandato: 21\/06\/2022 &#8211; 20\/06\/2026Fone: (38) 3532 8320Sala 24E-mail:&nbsp;dir.facet@ufvjm.edu.br \u00c1thila Rocha Trindade &#8211; Vice-DiretorMandato: 21\/06\/2022 &#8211; 20\/06\/2026 Fone: Sala 19E-mail:&nbsp;dir.facet@ufvjm.edu.br Secretaria da Dire\u00e7\u00e3o Secret\u00e1rio: Henrique Alberto Alves FerreiraFone: (38) 3532-6820Sala 11E-mail: sec.facet@uvjm.edu.br<\/p>\n","protected":false},"author":1,"featured_media":0,"parent":318,"menu_order":0,"comment_status":"closed","ping_status":"closed","template":"","meta":{"_editorskit_title_hidden":false,"_editorskit_reading_time":1,"_editorskit_is_block_options_detached":false,"_editorskit_block_options_position":"{}","_exactmetrics_skip_tracking":false,"_exactmetrics_sitenote_active":false,"_exactmetrics_sitenote_note":"","_exactmetrics_sitenote_category":0,"footnotes":""},"_links":{"self":[{"href":"https:\/\/quimica.ufvjm.edu.br\/index.php?rest_route=\/wp\/v2\/pages\/322"}],"collection":[{"href":"https:\/\/quimica.ufvjm.edu.br\/index.php?rest_route=\/wp\/v2\/pages"}],"about":[{"href":"https:\/\/quimica.ufvjm.edu.br\/index.php?rest_route=\/wp\/v2\/types\/page"}],"author":[{"embeddable":true,"href":"https:\/\/quimica.ufvjm.edu.br\/index.php?rest_route=\/wp\/v2\/users\/1"}],"replies":[{"embeddable":true,"href":"https:\/\/quimica.ufvjm.edu.br\/index.php?rest_route=%2Fwp%2Fv2%2Fcomments&post=322"}],"version-history":[{"count":62,"href":"https:\/\/quimica.ufvjm.edu.br\/index.php?rest_route=\/wp\/v2\/pages\/322\/revisions"}],"predecessor-version":[{"id":5843,"href":"https:\/\/quimica.ufvjm.edu.br\/index.php?rest_route=\/wp\/v2\/pages\/322\/revisions\/5843"}],"up":[{"embeddable":true,"href":"https:\/\/quimica.ufvjm.edu.br\/index.php?rest_route=\/wp\/v2\/pages\/318"}],"wp:attachment":[{"href":"https:\/\/quimica.ufvjm.edu.br\/index.php?rest_route=%2Fwp%2Fv2%2Fmedia&parent=322"}],"curies":[{"name":"wp","href":"https:\/\/api.w.org\/{rel}","templated":true}]}}