{"id":318,"date":"2019-07-31T18:02:05","date_gmt":"2019-07-31T20:02:05","guid":{"rendered":"http:\/\/www4.ict.ufvjm.edu.br\/?page_id=318"},"modified":"2024-06-04T15:14:19","modified_gmt":"2024-06-04T18:14:19","slug":"o-instituto","status":"publish","type":"page","link":"https:\/\/quimica.ufvjm.edu.br\/?page_id=318","title":{"rendered":"DEQUI"},"content":{"rendered":"\n<p class=\"has-text-align-center\"><strong>Principais informa\u00e7\u00f5es, rotinas e servi\u00e7os <\/strong><strong>do DEQUI.<\/strong><\/p>\n\n\n\n<p><\/p>\n\n\n\n<div class=\"overflow-wrapper\">\n\n<div id=\"feature_card-1\" class=\"col-sm-12 col-md-6 col-lg-3 mb-4 widget_feature_card\">\n  <div class=\"text-center card-1\">\n    <div class=\"align\">\n      <a href=\"https:\/\/quimica.ufvjm.edu.br\/?page_id=6358\" style=\"text-decoration: none;\">\n        <figure><img decoding=\"async\" src=\"https:\/\/quimica.ufvjm.edu.br\/wp-admin\/images\/icons\/icons%20fav\/group.png?_t=1717446056\" width=\"100px\"><\/figure>\n        <h3 class=\"card-title\">Administrativo<\/h3>\n        <p>Estrutura administrativa<\/p>\n      <\/a>\n    <\/div>\n  <\/div>\n<\/div>\n\n<div id=\"feature_card-2\" class=\"col-sm-12 col-md-6 col-lg-3 mb-4 widget_feature_card\">\n  <div class=\"text-center card-1\">\n    <div class=\"align\">\n      <a href=\"https:\/\/quimica.ufvjm.edu.br\/?page_id=6339\" style=\"text-decoration: none;\">\n        <figure><img decoding=\"async\" src=\"https:\/\/quimica.ufvjm.edu.br\/wp-admin\/images\/icons\/icons%20fav\/user.png?_t=1717446288\" width=\"100px\"><\/figure>\n        <h3 class=\"card-title\">Coordena\u00e7\u00f5es<\/h3>\n        <p>Coordena\u00e7\u00f5es de Curso<\/p>\n      <\/a>\n    <\/div>\n  <\/div>\n<\/div>\n\n<div id=\"feature_card-3\" class=\"col-sm-12 col-md-6 col-lg-3 mb-4 widget_feature_card\">\n  <div class=\"text-center card-1\">\n    <div class=\"align\">\n      <a href=\"https:\/\/quimica.ufvjm.edu.br\/?page_id=6216\" style=\"text-decoration: none;\">\n        <figure><img decoding=\"async\" src=\"https:\/\/quimica.ufvjm.edu.br\/wp-admin\/images\/icons\/icons%20fav\/institute.png?_t=1717447141\" width=\"100px\"><\/figure>\n        <h3 class=\"card-title\">Cursos<\/h3>\n        <p>Gradua\u00e7\u00e3o e P\u00f3s-Gradua\u00e7\u00e3o <\/p>\n      <\/a>\n    <\/div>\n  <\/div>\n<\/div>\n\n<div id=\"feature_card-5\" class=\"col-sm-12 col-md-6 col-lg-3 mb-4 widget_feature_card\">\n  <div class=\"text-center card-1\">\n    <div class=\"align\">\n      <a href=\"https:\/\/quimica.ufvjm.edu.br\/?page_id=6361\" style=\"text-decoration: none;\" rel=\"noopener noreferrer\">\n        <figure><img decoding=\"async\" src=\"https:\/\/quimica.ufvjm.edu.br\/wp-admin\/images\/icons\/icons%20fav\/building.png?_t=1717447508\" width=\"100px\"><\/figure>\n        <h3 class=\"card-title\">Infraestrutura<\/h3>\n        <p>Infraestrutura do DEQUI<\/p>\n      <\/a>\n    <\/div>\n  <\/div>\n<\/div>\n\n<div id=\"feature_card-6\" class=\"col-sm-12 col-md-6 col-lg-3 mb-4 widget_feature_card\">\n  <div class=\"text-center card-1\">\n    <div class=\"align\">\n      <a href=\"https:\/\/quimica.ufvjm.edu.br\/?page_id=6345\" style=\"text-decoration: none;\" rel=\"noopener noreferrer\">\n        <figure><img decoding=\"async\" src=\"https:\/\/quimica.ufvjm.edu.br\/wp-admin\/images\/icons\/icons%20fav\/telephone.png?_t=1717447620\" width=\"100px\"><\/figure>\n        <h3 class=\"card-title\">Ramais<\/h3>\n        <p>Lista de ramais<\/p>\n      <\/a>\n    <\/div>\n  <\/div>\n<\/div>\n\n<div id=\"feature_card-7\" class=\"col-sm-12 col-md-6 col-lg-3 mb-4 widget_feature_card\">\n  <div class=\"text-center card-1\">\n    <div class=\"align\">\n      <a href=\"https:\/\/quimica.ufvjm.edu.br\/?page_id=6350\" style=\"text-decoration: none;\" rel=\"noopener noreferrer\">\n        <figure><img decoding=\"async\" src=\"https:\/\/quimica.ufvjm.edu.br\/wp-admin\/images\/icons\/icons%20fav\/file.png?_t=1717447873\" width=\"100px\"><\/figure>\n        <h3 class=\"card-title\">Documentos<\/h3>\n        <p>Normas e Resolu\u00e7\u00f5es do DEQUI<\/p>\n      <\/a>\n    <\/div>\n  <\/div>\n<\/div>\n\n<div id=\"feature_card-8\" class=\"col-sm-12 col-md-6 col-lg-3 mb-4 widget_feature_card\">\n  <div class=\"text-center card-1\">\n    <div class=\"align\">\n      <a href=\"https:\/\/quimica.ufvjm.edu.br\/?page_id=6371\" style=\"text-decoration: none;\" rel=\"noopener noreferrer\">\n        <figure><img decoding=\"async\" src=\"https:\/\/quimica.ufvjm.edu.br\/wp-admin\/images\/icons\/icons%20fav\/graduation.png?_t=1717520787\" width=\"100px\"><\/figure>\n        <h3 class=\"card-title\">P\u00f3s-Gradua\u00e7\u00e3o<\/h3>\n        <p>Programas de P\u00f3s-Gradua\u00e7\u00e3o<\/p>\n      <\/a>\n    <\/div>\n  <\/div>\n<\/div>\n\n<div id=\"feature_card-9\" class=\"col-sm-12 col-md-6 col-lg-3 mb-4 widget_feature_card\">\n  <div class=\"text-center card-1\">\n    <div class=\"align\">\n      <a href=\"https:\/\/quimica.ufvjm.edu.br\/?page_id=320\" style=\"text-decoration: none;\" rel=\"noopener noreferrer\">\n        <figure><img decoding=\"async\" src=\"https:\/\/quimica.ufvjm.edu.br\/wp-admin\/images\/icons\/icons%20fav\/quora.png?_t=1717520882\" width=\"100px\"><\/figure>\n        <h3 class=\"card-title\">O DEQUI<\/h3>\n        <p>Sobre o DEQUI<\/p>\n      <\/a>\n    <\/div>\n  <\/div>\n<\/div>\n\n<\/div>\n\n\n\n<p><\/p>\n","protected":false},"excerpt":{"rendered":"<p>Principais informa\u00e7\u00f5es, rotinas e servi\u00e7os do DEQUI. Administrativo Estrutura administrativa Coordena\u00e7\u00f5es Coordena\u00e7\u00f5es de Curso Cursos Gradua\u00e7\u00e3o e P\u00f3s-Gradua\u00e7\u00e3o Infraestrutura Infraestrutura do DEQUI Ramais Lista de ramais Documentos Normas e Resolu\u00e7\u00f5es do DEQUI P\u00f3s-Gradua\u00e7\u00e3o Programas de P\u00f3s-Gradua\u00e7\u00e3o O DEQUI Sobre o DEQUI<\/p>\n","protected":false},"author":1,"featured_media":0,"parent":0,"menu_order":0,"comment_status":"closed","ping_status":"closed","template":"page-info.php","meta":{"_editorskit_title_hidden":false,"_editorskit_reading_time":1,"_editorskit_is_block_options_detached":false,"_editorskit_block_options_position":"{}","_exactmetrics_skip_tracking":false,"_exactmetrics_sitenote_active":false,"_exactmetrics_sitenote_note":"","_exactmetrics_sitenote_category":0,"footnotes":""},"_links":{"self":[{"href":"https:\/\/quimica.ufvjm.edu.br\/index.php?rest_route=\/wp\/v2\/pages\/318"}],"collection":[{"href":"https:\/\/quimica.ufvjm.edu.br\/index.php?rest_route=\/wp\/v2\/pages"}],"about":[{"href":"https:\/\/quimica.ufvjm.edu.br\/index.php?rest_route=\/wp\/v2\/types\/page"}],"author":[{"embeddable":true,"href":"https:\/\/quimica.ufvjm.edu.br\/index.php?rest_route=\/wp\/v2\/users\/1"}],"replies":[{"embeddable":true,"href":"https:\/\/quimica.ufvjm.edu.br\/index.php?rest_route=%2Fwp%2Fv2%2Fcomments&post=318"}],"version-history":[{"count":177,"href":"https:\/\/quimica.ufvjm.edu.br\/index.php?rest_route=\/wp\/v2\/pages\/318\/revisions"}],"predecessor-version":[{"id":6613,"href":"https:\/\/quimica.ufvjm.edu.br\/index.php?rest_route=\/wp\/v2\/pages\/318\/revisions\/6613"}],"wp:attachment":[{"href":"https:\/\/quimica.ufvjm.edu.br\/index.php?rest_route=%2Fwp%2Fv2%2Fmedia&parent=318"}],"curies":[{"name":"wp","href":"https:\/\/api.w.org\/{rel}","templated":true}]}}