{"id":172,"date":"2019-07-31T11:41:02","date_gmt":"2019-07-31T13:41:02","guid":{"rendered":"http:\/\/www4.ict.ufvjm.edu.br\/?page_id=172"},"modified":"2026-04-28T22:37:09","modified_gmt":"2026-04-29T01:37:09","slug":"cursos","status":"publish","type":"page","link":"https:\/\/quimica.ufvjm.edu.br\/?page_id=172","title":{"rendered":"Gradua\u00e7\u00e3o"},"content":{"rendered":"\n<p class=\"has-text-align-center\"><strong>Itens para apoio aos discentes de gradua\u00e7\u00e3o do DEQUI.<\/strong><\/p>\n\n\n\n<div class=\"overflow-wrapper\"><div id=\"feature_card-lic\" class=\"col-sm-12 col-md-6 col-lg-4 mb-4 widget_feature_card\">  <div class=\"text-center card-1\">    <div class=\"align\">      <a href=\"https:\/\/quimica.ufvjm.edu.br\/?page_id=7035\" target=\"_self\" style=\"text-decoration:none;\" rel=\"noopener\">        <figure style=\"height:110px; display:flex; align-items:center; justify-content:center;\">          <img decoding=\"async\" width=\"90px\" src=\"https:\/\/quimica.ufvjm.edu.br\/wp-admin\/images\/icons\/icons%20fav\/presentation.png\">        <\/figure>        <h3 class=\"card-title\">Qu\u00edmica Licenciatura<\/h3>        <p>Curso de Qu\u00edmica &#8211; Licenciatura<\/p>      <\/a>    <\/div>  <\/div><\/div><div id=\"feature_card-tec\" class=\"col-sm-12 col-md-6 col-lg-4 mb-4 widget_feature_card\">  <div class=\"text-center card-1\">    <div class=\"align\">      <a href=\"https:\/\/quimica.ufvjm.edu.br\/?page_id=7037\" target=\"_self\" style=\"text-decoration:none;\" rel=\"noopener\">        <figure style=\"height:110px; display:flex; align-items:center; justify-content:center;\">          <img decoding=\"async\" width=\"90px\" src=\"https:\/\/quimica.ufvjm.edu.br\/wp-admin\/images\/icons\/icons%20fav\/bachelor.png\">        <\/figure>        <h3 class=\"card-title\">Qu\u00edmica Tecnol\u00f3gica<\/h3>        <p>Curso de Qu\u00edmica Tecnol\u00f3gica<\/p>      <\/a>    <\/div>  <\/div><\/div><div id=\"feature_card-enade\" class=\"col-sm-12 col-md-6 col-lg-4 mb-4 widget_feature_card\">  <div class=\"text-center card-1\">    <div class=\"align\">      <a href=\"https:\/\/quimica.ufvjm.edu.br\/?page_id=6631\" target=\"_self\" style=\"text-decoration:none;\" rel=\"noopener\">        <figure style=\"height:110px; display:flex; align-items:center; justify-content:center;\">          <span style=\"font-size:70px; font-weight:bold;\">e<\/span>        <\/figure>        <h3 class=\"card-title\">ENADE<\/h3>        <p>Exame Nacional de Desempenho dos Estudantes<\/p>      <\/a>    <\/div>  <\/div><\/div><div id=\"feature_card-colegiados\" class=\"col-sm-12 col-md-6 col-lg-4 mb-4 widget_feature_card\">  <div class=\"text-center card-1\">    <div class=\"align\">      <a href=\"https:\/\/quimica.ufvjm.edu.br\/?page_id=6319\" target=\"_self\" style=\"text-decoration:none;\" rel=\"noopener\">        <figure style=\"height:110px; display:flex; align-items:center; justify-content:center;\">          <img decoding=\"async\" width=\"90px\" src=\"https:\/\/quimica.ufvjm.edu.br\/wp-admin\/images\/icons\/icons%20fav\/checklist.png\">        <\/figure>        <h3 class=\"card-title\">Colegiados dos Cursos<\/h3>        <p>Composi\u00e7\u00e3o e informa\u00e7\u00f5es dos colegiados<\/p>      <\/a>    <\/div>  <\/div><\/div><\/div>\n","protected":false},"excerpt":{"rendered":"<p>Itens para apoio aos discentes de gradua\u00e7\u00e3o do DEQUI. Qu\u00edmica Licenciatura Curso de Qu\u00edmica &#8211; Licenciatura Qu\u00edmica Tecnol\u00f3gica Curso de Qu\u00edmica Tecnol\u00f3gica e ENADE Exame Nacional de Desempenho dos Estudantes Colegiados dos Cursos Composi\u00e7\u00e3o e informa\u00e7\u00f5es dos colegiados<\/p>\n","protected":false},"author":1,"featured_media":0,"parent":0,"menu_order":0,"comment_status":"closed","ping_status":"closed","template":"page-info.php","meta":{"_editorskit_title_hidden":false,"_editorskit_reading_time":1,"_editorskit_is_block_options_detached":false,"_editorskit_block_options_position":"{}","_exactmetrics_skip_tracking":false,"_exactmetrics_sitenote_active":false,"_exactmetrics_sitenote_note":"","_exactmetrics_sitenote_category":0,"footnotes":""},"_links":{"self":[{"href":"https:\/\/quimica.ufvjm.edu.br\/index.php?rest_route=\/wp\/v2\/pages\/172"}],"collection":[{"href":"https:\/\/quimica.ufvjm.edu.br\/index.php?rest_route=\/wp\/v2\/pages"}],"about":[{"href":"https:\/\/quimica.ufvjm.edu.br\/index.php?rest_route=\/wp\/v2\/types\/page"}],"author":[{"embeddable":true,"href":"https:\/\/quimica.ufvjm.edu.br\/index.php?rest_route=\/wp\/v2\/users\/1"}],"replies":[{"embeddable":true,"href":"https:\/\/quimica.ufvjm.edu.br\/index.php?rest_route=%2Fwp%2Fv2%2Fcomments&post=172"}],"version-history":[{"count":133,"href":"https:\/\/quimica.ufvjm.edu.br\/index.php?rest_route=\/wp\/v2\/pages\/172\/revisions"}],"predecessor-version":[{"id":7600,"href":"https:\/\/quimica.ufvjm.edu.br\/index.php?rest_route=\/wp\/v2\/pages\/172\/revisions\/7600"}],"wp:attachment":[{"href":"https:\/\/quimica.ufvjm.edu.br\/index.php?rest_route=%2Fwp%2Fv2%2Fmedia&parent=172"}],"curies":[{"name":"wp","href":"https:\/\/api.w.org\/{rel}","templated":true}]}}